{"id":1366,"date":"2022-08-03T19:29:06","date_gmt":"2022-08-03T17:29:06","guid":{"rendered":"https:\/\/www.vicino500.it\/palio\/"},"modified":"2023-06-08T16:10:32","modified_gmt":"2023-06-08T14:10:32","slug":"palio","status":"publish","type":"page","link":"https:\/\/www.vicino500.it\/es\/palio\/","title":{"rendered":"Palio"},"content":{"rendered":"<p>[et_pb_section fb_built=\u00bb1&#8243; admin_label=\u00bbHeader\u00bb _builder_version=\u00bb4.17.6&#8243; use_background_color_gradient=\u00bbon\u00bb background_color_gradient_direction=\u00bb90deg\u00bb background_color_gradient_stops=\u00bb#e0d8c8 90%|#6c6e22 90%\u00bb background_color_gradient_start=\u00bb#e0d8c8&#8243; background_color_gradient_start_position=\u00bb90%\u00bb background_color_gradient_end=\u00bb#5d574e\u00bb background_color_gradient_end_position=\u00bb90%\u00bb background_image=\u00bbhttps:\/\/www.vicino500.it\/wp-content\/uploads\/2022\/08\/Moneta-Vicino-01-copia.png\u00bb background_size=\u00bbcustom\u00bb background_blend=\u00bbscreen\u00bb global_colors_info=\u00bb{}\u00bb][et_pb_row _builder_version=\u00bb4.16&#8243; global_colors_info=\u00bb{}\u00bb][et_pb_column type=\u00bb4_4&#8243; _builder_version=\u00bb4.16&#8243; global_colors_info=\u00bb{}\u00bb][et_pb_text _builder_version=\u00bb4.16&#8243; header_font=\u00bbAbril Fatface||||||||\u00bb header_font_size=\u00bb110px\u00bb header_line_height=\u00bb0.9em\u00bb header_2_font=\u00bbAbril Fatface||||||||\u00bb header_2_font_size=\u00bb56px\u00bb header_2_line_height=\u00bb1.1em\u00bb header_font_size_tablet=\u00bb54px\u00bb header_font_size_phone=\u00bb34px\u00bb header_font_size_last_edited=\u00bbon|phone\u00bb header_2_font_size_tablet=\u00bb36px\u00bb header_2_font_size_phone=\u00bb24px\u00bb header_2_font_size_last_edited=\u00bbon|phone\u00bb locked=\u00bboff\u00bb global_colors_info=\u00bb{}\u00bb]<\/p>\n<h1>en el signo deVicino<\/h1>\n<p>[\/et_pb_text][\/et_pb_column][\/et_pb_row][\/et_pb_section][et_pb_section fb_built=\u00bb1&#8243; admin_label=\u00bbAbout\u00bb _builder_version=\u00bb4.16&#8243; global_colors_info=\u00bb{}\u00bb][et_pb_row _builder_version=\u00bb4.16&#8243; custom_padding=\u00bb||0px|||\u00bb global_colors_info=\u00bb{}\u00bb][et_pb_column type=\u00bb4_4&#8243; _builder_version=\u00bb4.16&#8243; global_colors_info=\u00bb{}\u00bb][et_pb_text _builder_version=\u00bb4.16&#8243; text_font=\u00bb||||||||\u00bb text_line_height=\u00bb2em\u00bb header_font=\u00bb||||||||\u00bb header_2_font=\u00bbAbril Fatface||||||||\u00bb header_2_font_size=\u00bb56px\u00bb header_2_line_height=\u00bb1.1em\u00bb max_width=\u00bb800px\u00bb text_line_height_tablet=\u00bb\u00bb text_line_height_phone=\u00bb1.6em\u00bb text_line_height_last_edited=\u00bbon|phone\u00bb header_2_font_size_tablet=\u00bb36px\u00bb header_2_font_size_phone=\u00bb24px\u00bb header_2_font_size_last_edited=\u00bbon|phone\u00bb locked=\u00bboff\u00bb global_colors_info=\u00bb{}\u00bb]<\/p>\n<h2>Palio de Sant&#8217;Anselmo<\/h2>\n<p>[\/et_pb_text][\/et_pb_column][\/et_pb_row][et_pb_row column_structure=\u00bb2_3,1_3&#8243; _builder_version=\u00bb4.16&#8243; global_colors_info=\u00bb{}\u00bb][et_pb_column type=\u00bb2_3&#8243; _builder_version=\u00bb4.16&#8243; global_colors_info=\u00bb{}\u00bb][et_pb_text _builder_version=\u00bb4.17.6&#8243; text_font=\u00bb||||||||\u00bb text_line_height=\u00bb2em\u00bb header_font=\u00bb||||||||\u00bb header_2_font=\u00bbAbril Fatface||||||||\u00bb header_2_font_size=\u00bb56px\u00bb header_2_line_height=\u00bb1.1em\u00bb max_width=\u00bb800px\u00bb text_line_height_tablet=\u00bb\u00bb text_line_height_phone=\u00bb1.6em\u00bb text_line_height_last_edited=\u00bbon|phone\u00bb header_2_font_size_tablet=\u00bb36px\u00bb header_2_font_size_phone=\u00bb24px\u00bb header_2_font_size_last_edited=\u00bbon|phone\u00bb locked=\u00bboff\u00bb global_colors_info=\u00bb{}\u00bb]<\/p>\n<p>Desde hace alg\u00fan tiempo, los visitantes que acuden a Bomarzo los d\u00edas 23, 24 y 25 de abril no dejan de aumentar porque se sienten atra\u00eddos por el \u00abPalio\u00bb que se corre entre los cinco barrios en los que se divide la ciudad. Los distritos son: Dentro, el m\u00e1s antiguo, Borgo, Poggio, Croci y Madonna del Piano.<\/p>\n<p>La carrera del Palio se ha restablecido recientemente, pero sabemos por fuentes antiguas que ya se corr\u00eda en el siglo XVII. De hecho, en aquella \u00e9poca hab\u00eda dos palii, uno el 24 y otro el 25 de abril, d\u00edas en los que se celebra al patr\u00f3n de Bomarzo, el obispo Anselmo, que vivi\u00f3 la \u00e9poca oscura de las invasiones godas y cuya intervenci\u00f3n salv\u00f3 varias veces a \u00absu\u00bb pueblo del peligro b\u00e1rbaro.<\/p>\n<p>Sabemos por los libros antiguos que los palii se pagaban en baiocchi y que se designaba especialmente a un notable de la ciudad para organizar este evento. A lo largo de los siglos, los palii fueron corriendo hasta quedar reducidos a simples carreras de caballos. Pero el amor por las tradiciones y por estas nobles bestias, que siempre han estado en el alma de los habitantes de Bomarzo, ha hecho que el 25 de abril se renueve la disputa. Anselmo para el Dentro, Misericordia para el Borgo, Madonna delle Grazie para el Poggio, Cristo Risorto para el Croci, y Madonna del Piano para la contrada del mismo nombre.<\/p>\n<p>[\/et_pb_text][\/et_pb_column][et_pb_column type=\u00bb1_3&#8243; _builder_version=\u00bb4.16&#8243; background_enable_color=\u00bboff\u00bb global_colors_info=\u00bb{}\u00bb][et_pb_image src=\u00bbhttps:\/\/www.vicino500.it\/wp-content\/uploads\/2022\/08\/capulli02982-copia.jpg\u00bb title_text=\u00bbcapulli02982 copia\u00bb _builder_version=\u00bb4.17.6&#8243; _module_preset=\u00bbdefault\u00bb global_colors_info=\u00bb{}\u00bb][\/et_pb_image][et_pb_image src=\u00bbhttps:\/\/www.vicino500.it\/wp-content\/uploads\/2022\/08\/Palio.jpg\u00bb title_text=\u00bbPalio\u00bb _builder_version=\u00bb4.17.6&#8243; _module_preset=\u00bbdefault\u00bb global_colors_info=\u00bb{}\u00bb][\/et_pb_image][\/et_pb_column][\/et_pb_row][et_pb_row column_structure=\u00bb1_2,1_2&#8243; _builder_version=\u00bb4.17.6&#8243; _module_preset=\u00bbdefault\u00bb global_colors_info=\u00bb{}\u00bb][et_pb_column type=\u00bb1_2&#8243; _builder_version=\u00bb4.17.6&#8243; _module_preset=\u00bbdefault\u00bb global_colors_info=\u00bb{}\u00bb][et_pb_image src=\u00bbhttps:\/\/www.vicino500.it\/wp-content\/uploads\/2022\/08\/PALIO-PARTENZA-01.jpg\u00bb title_text=\u00bbPALIO START 01&#8243; _builder_version=\u00bb4.17.6&#8243; _module_preset=\u00bbdefault\u00bb global_colors_info=\u00bb{}\u00bb][\/et_pb_image][\/et_pb_column][et_pb_column type=\u00bb1_2&#8243; _builder_version=\u00bb4.17.6&#8243; _module_preset=\u00bbdefault\u00bb global_colors_info=\u00bb{}\u00bb][et_pb_image src=\u00bbhttps:\/\/www.vicino500.it\/wp-content\/uploads\/2022\/08\/PALIO-CARROCCIO-3.jpg\u00bb title_text=\u00bbPALIO CARROCCIO 3&#8243; _builder_version=\u00bb4.17.6&#8243; _module_preset=\u00bbdefault\u00bb global_colors_info=\u00bb{}\u00bb][\/et_pb_image][\/et_pb_column][\/et_pb_row][et_pb_row column_structure=\u00bb1_3,2_3&#8243; _builder_version=\u00bb4.17.6&#8243; global_colors_info=\u00bb{}\u00bb][et_pb_column type=\u00bb1_3&#8243; _builder_version=\u00bb4.16&#8243; global_colors_info=\u00bb{}\u00bb][et_pb_image src=\u00bbhttps:\/\/www.vicino500.it\/wp-content\/uploads\/2022\/08\/PIONE-M.PIANO_.jpg\u00bb title_text=\u00bbPIONE M.PIANO\u00bb admin_label=\u00bbImmagine\u00bb _builder_version=\u00bb4.17.6&#8243; _module_preset=\u00bbdefault\u00bb global_colors_info=\u00bb{}\u00bb][\/et_pb_image][\/et_pb_column][et_pb_column type=\u00bb2_3&#8243; _builder_version=\u00bb4.16&#8243; background_enable_color=\u00bboff\u00bb global_colors_info=\u00bb{}\u00bb][et_pb_text _builder_version=\u00bb4.17.6&#8243; text_font=\u00bb||||||||\u00bb text_line_height=\u00bb2em\u00bb header_font=\u00bb||||||||\u00bb header_2_font=\u00bbAbril Fatface||||||||\u00bb header_2_font_size=\u00bb56px\u00bb header_2_line_height=\u00bb1.1em\u00bb max_width=\u00bb800px\u00bb text_line_height_tablet=\u00bb\u00bb text_line_height_phone=\u00bb1.6em\u00bb text_line_height_last_edited=\u00bbon|phone\u00bb header_2_font_size_tablet=\u00bb36px\u00bb header_2_font_size_phone=\u00bb24px\u00bb header_2_font_size_last_edited=\u00bbon|phone\u00bb locked=\u00bboff\u00bb global_colors_info=\u00bb{}\u00bb]<\/p>\n<p>La tarde del 25 de abril comienza con un desfile en trajes del siglo XVI, acompa\u00f1ado por la banda local, que sale del castillo Orsini. cruza todo el pa\u00eds. A lo largo del recorrido, el desfile, que evoca a los personajes de la novela \u00abBomarzo\u00bb del escritor Manuel Muica Lainez, se enriquece con nuevos participantes: ni\u00f1os y ni\u00f1as ataviados con trajes locales portan el famoso \u00abBiscotto di S. Anselmo\u00bb, que se ofrece y reparte a los presentes. Anselmo\u00bb, que se ofrece y distribuye a los presentes, las abanderadas, los Priores de los Rioni con sus estandartes, los jinetes a caballo, el Capitano del Popolo, los participantes de los grupos hist\u00f3ricos de las ciudades vecinas y, por \u00faltimo, la carroza triunfal, tirada por una pareja de bueyes blancos, que lleva en triunfo el preciado \u00abPalio\u00bb.<\/p>\n<p>[\/et_pb_text][\/et_pb_column][\/et_pb_row][et_pb_row use_custom_gutter=\u00bbon\u00bb gutter_width=\u00bb1&#8243; _builder_version=\u00bb4.17.6&#8243; _module_preset=\u00bbdefault\u00bb global_colors_info=\u00bb{}\u00bb][et_pb_column type=\u00bb4_4&#8243; _builder_version=\u00bb4.17.6&#8243; _module_preset=\u00bbdefault\u00bb global_colors_info=\u00bb{}\u00bb][et_pb_gallery gallery_ids=\u00bb1199,1208,1207,1206,1205,1204,1203,1202,1201,1200,1217,1216,1215,1214,1213,1212,1211,1210,1209,1196&#8243; gallery_orderby=\u00bbrand\u00bb show_title_and_caption=\u00bboff\u00bb _builder_version=\u00bb4.17.6&#8243; _module_preset=\u00bbdefault\u00bb global_colors_info=\u00bb{}\u00bb][\/et_pb_gallery][\/et_pb_column][\/et_pb_row][\/et_pb_section][et_pb_section fb_built=\u00bb1&#8243; make_equal=\u00bbon\u00bb use_custom_gutter=\u00bbon\u00bb gutter_width=\u00bb1&#8243; specialty=\u00bbon\u00bb custom_padding_last_edited=\u00bbon|tablet\u00bb bg_img_1=\u00bbhttp:\/\/www.vicino500.it\/wp-content\/uploads\/2022\/08\/Biscottare.jpg\u00bb admin_label=\u00bbEvents\u00bb _builder_version=\u00bb4.17.6&#8243; background_color=\u00bb#000000&#8243; inner_width=\u00bb100%\u00bb inner_width_tablet=\u00bb80%\u00bb inner_width_phone=\u00bb\u00bb inner_width_last_edited=\u00bbon|desktop\u00bb inner_max_width=\u00bbnone\u00bb inner_max_width_tablet=\u00bb1080px\u00bb inner_max_width_phone=\u00bb\u00bb inner_max_width_last_edited=\u00bbon|desktop\u00bb custom_padding=\u00bb0px||0px|||\u00bb custom_padding_tablet=\u00bb50px||||false|false\u00bb custom_padding_phone=\u00bb\u00bb background_color_phone=\u00bbrgba(0,0,0,0)\u00bb background_last_edited=\u00bbon|phone\u00bb background_enable_color_phone=\u00bbon\u00bb global_colors_info=\u00bb{}\u00bb][et_pb_column type=\u00bb1_2&#8243; _builder_version=\u00bb4.16&#8243; custom_padding=\u00bb|||\u00bb global_colors_info=\u00bb{}\u00bb custom_padding__hover=\u00bb|||\u00bb][et_pb_divider show_divider=\u00bboff\u00bb _builder_version=\u00bb4.17.6&#8243; height_tablet=\u00bb290px\u00bb height_phone=\u00bb170px\u00bb height_last_edited=\u00bbon|phone\u00bb global_colors_info=\u00bb{}\u00bb][\/et_pb_divider][\/et_pb_column][et_pb_column type=\u00bb1_2&#8243; specialty_columns=\u00bb2&#8243; _builder_version=\u00bb4.16&#8243; custom_padding=\u00bb|||\u00bb global_colors_info=\u00bb{}\u00bb custom_padding__hover=\u00bb|||\u00bb][et_pb_row_inner custom_padding_last_edited=\u00bbon|desktop\u00bb _builder_version=\u00bb4.16&#8243; background_color=\u00bb#f2ece1&#8243; transform_translate_linked=\u00bboff\u00bb width=\u00bb90%\u00bb width_tablet=\u00bb100%\u00bb width_phone=\u00bb\u00bb width_last_edited=\u00bbon|desktop\u00bb custom_margin=\u00bb|||10%|false|false\u00bb custom_margin_tablet=\u00bb|||0%|false|false\u00bb custom_margin_phone=\u00bb\u00bb custom_margin_last_edited=\u00bbon|desktop\u00bb custom_padding=\u00bb60px|60px|0px|60px|false|true\u00bb custom_padding_tablet=\u00bb\u00bb custom_padding_phone=\u00bb30px|||20px|false|false\u00bb global_colors_info=\u00bb{}\u00bb][et_pb_column_inner saved_specialty_column_type=\u00bb1_2&#8243; _builder_version=\u00bb4.16&#8243; global_colors_info=\u00bb{}\u00bb][et_pb_text _builder_version=\u00bb4.17.6&#8243; header_font=\u00bb||||||||\u00bb header_3_font=\u00bbAbril Fatface||||||||\u00bb header_3_font_size=\u00bb38px\u00bb header_3_line_height=\u00bb1.1em\u00bb header_4_font=\u00bb|700||on|||||\u00bb header_4_font_size=\u00bb13px\u00bb header_4_letter_spacing=\u00bb1px\u00bb header_4_line_height=\u00bb1.5em\u00bb max_width=\u00bb640px\u00bb custom_margin=\u00bb||11px||false|false\u00bb header_3_font_size_tablet=\u00bb28px\u00bb header_3_font_size_phone=\u00bb18px\u00bb header_3_font_size_last_edited=\u00bbon|phone\u00bb header_4_font_size_tablet=\u00bb16px\u00bb header_4_font_size_phone=\u00bb14px\u00bb header_4_font_size_last_edited=\u00bboff|desktop\u00bb locked=\u00bboff\u00bb global_colors_info=\u00bb{}\u00bb]<\/p>\n<h3>Galleta Sant&#8217;Anselmo<\/h3>\n<p>[\/et_pb_text][et_pb_text _builder_version=\u00bb4.17.6&#8243; text_font=\u00bb||||||||\u00bb text_line_height=\u00bb2em\u00bb max_width=\u00bb640px\u00bb custom_margin=\u00bb||60px||false|false\u00bb text_line_height_tablet=\u00bb\u00bb text_line_height_phone=\u00bb1.6em\u00bb text_line_height_last_edited=\u00bbon|phone\u00bb locked=\u00bboff\u00bb global_colors_info=\u00bb{}\u00bb]<\/p>\n<p>El Biscotto di Bomarzo se denominaba antiguamente \u00abPan de San Anselmo\u00bb. Era pan dulce que Anselmo, entonces obispo de la ciudad, repart\u00eda a pobres y peregrinos camino de Roma. La tradici\u00f3n se perpet\u00faa hasta nuestros d\u00edas y pervive como signo de celebraci\u00f3n en honor de la patrona. El procedimiento de preparaci\u00f3n es largo y minucioso: los d\u00edas 24 y 25 de abril de cada a\u00f1o, las amas de casa de Bomarzo se afanan en mil preparativos, ante todo la \u00abb\u00fasqueda de la levadura\u00bb, que debe ser estrictamente natural, ya que es el secreto del \u00e9xito del Biscotto.<\/p>\n<p>[\/et_pb_text][et_pb_button button_url=\u00bb@ET-DC@eyJkeW5hbWljIjp0cnVlLCJjb250ZW50IjoicG9zdF9saW5rX3VybF9wYWdlIiwic2V0dGluZ3MiOnsicG9zdF9pZCI6IjMxNiJ9fQ==@\u00bb button_text=\u00bbGalleta Sant&#8217;Anselmo\u00bb button_alignment=\u00bbright\u00bb _builder_version=\u00bb4.17.6&#8243; _dynamic_attributes=\u00bbbutton_url\u00bb custom_button=\u00bbon\u00bb button_text_size=\u00bb14px\u00bb button_text_color=\u00bb#000000&#8243; button_bg_color=\u00bb#ffffff\u00bb button_border_width=\u00bb0px\u00bb button_border_radius=\u00bb0px\u00bb button_letter_spacing=\u00bb1px\u00bb button_font=\u00bb|700||on|||||\u00bb custom_margin=\u00bb|-60px|||false|false\u00bb custom_padding=\u00bb16px|28px|16px|28px|true|true\u00bb hover_enabled=\u00bb0&#8243; locked=\u00bboff\u00bb global_colors_info=\u00bb{}\u00bb sticky_enabled=\u00bb0&#8243;][\/et_pb_button][\/et_pb_column_inner][\/et_pb_row_inner][\/et_pb_column][\/et_pb_section]<\/p>\n","protected":false},"excerpt":{"rendered":"<p>en el signo deVicinoPalio de Sant&#8217;AnselmoDesde hace alg\u00fan tiempo, los visitantes que acuden a Bomarzo los d\u00edas 23, 24 y 25 de abril no dejan de aumentar porque se sienten atra\u00eddos por el \u00abPalio\u00bb que se corre entre los cinco barrios en los que se divide la ciudad. Los distritos son: Dentro, el m\u00e1s antiguo, [&hellip;]<\/p>\n","protected":false},"author":1,"featured_media":0,"parent":0,"menu_order":0,"comment_status":"closed","ping_status":"closed","template":"","meta":{"_et_pb_use_builder":"on","_et_pb_old_content":"","_et_gb_content_width":"","footnotes":""},"class_list":["post-1366","page","type-page","status-publish","hentry"],"jetpack_sharing_enabled":true,"_links":{"self":[{"href":"https:\/\/www.vicino500.it\/es\/wp-json\/wp\/v2\/pages\/1366","targetHints":{"allow":["GET"]}}],"collection":[{"href":"https:\/\/www.vicino500.it\/es\/wp-json\/wp\/v2\/pages"}],"about":[{"href":"https:\/\/www.vicino500.it\/es\/wp-json\/wp\/v2\/types\/page"}],"author":[{"embeddable":true,"href":"https:\/\/www.vicino500.it\/es\/wp-json\/wp\/v2\/users\/1"}],"replies":[{"embeddable":true,"href":"https:\/\/www.vicino500.it\/es\/wp-json\/wp\/v2\/comments?post=1366"}],"version-history":[{"count":2,"href":"https:\/\/www.vicino500.it\/es\/wp-json\/wp\/v2\/pages\/1366\/revisions"}],"predecessor-version":[{"id":1396,"href":"https:\/\/www.vicino500.it\/es\/wp-json\/wp\/v2\/pages\/1366\/revisions\/1396"}],"wp:attachment":[{"href":"https:\/\/www.vicino500.it\/es\/wp-json\/wp\/v2\/media?parent=1366"}],"curies":[{"name":"wp","href":"https:\/\/api.w.org\/{rel}","templated":true}]}}