{"id":1354,"date":"2022-08-03T15:09:59","date_gmt":"2022-08-03T13:09:59","guid":{"rendered":"https:\/\/www.vicino500.it\/bomarzo\/"},"modified":"2023-06-08T16:10:22","modified_gmt":"2023-06-08T14:10:22","slug":"bomarzo","status":"publish","type":"page","link":"https:\/\/www.vicino500.it\/es\/bomarzo\/","title":{"rendered":"Bomarzo"},"content":{"rendered":"<p>[et_pb_section fb_built=\u00bb1&#8243; admin_label=\u00bbHeader\u00bb _builder_version=\u00bb4.17.6&#8243; use_background_color_gradient=\u00bbon\u00bb background_color_gradient_direction=\u00bb90deg\u00bb background_color_gradient_stops=\u00bb#e0d8c8 90%|#6c6e22 90%\u00bb background_color_gradient_start=\u00bb#e0d8c8&#8243; background_color_gradient_start_position=\u00bb90%\u00bb background_color_gradient_end=\u00bb#5d574e\u00bb background_color_gradient_end_position=\u00bb90%\u00bb background_image=\u00bbhttps:\/\/www.vicino500.it\/wp-content\/uploads\/2022\/08\/Moneta-Vicino-01-copia.png\u00bb background_size=\u00bbcustom\u00bb background_blend=\u00bbscreen\u00bb global_colors_info=\u00bb{}\u00bb theme_builder_area=\u00bbpost_content\u00bb][et_pb_row _builder_version=\u00bb4.16&#8243; global_colors_info=\u00bb{}\u00bb theme_builder_area=\u00bbpost_content\u00bb][et_pb_column type=\u00bb4_4&#8243; _builder_version=\u00bb4.16&#8243; global_colors_info=\u00bb{}\u00bb theme_builder_area=\u00bbpost_content\u00bb][et_pb_text _builder_version=\u00bb4.16&#8243; header_font=\u00bbAbril Fatface||||||||\u00bb header_font_size=\u00bb110px\u00bb header_line_height=\u00bb0.9em\u00bb header_2_font=\u00bbAbril Fatface||||||||\u00bb header_2_font_size=\u00bb56px\u00bb header_2_line_height=\u00bb1.1em\u00bb header_font_size_tablet=\u00bb54px\u00bb header_font_size_phone=\u00bb34px\u00bb header_font_size_last_edited=\u00bbon|phone\u00bb header_2_font_size_tablet=\u00bb36px\u00bb header_2_font_size_phone=\u00bb24px\u00bb header_2_font_size_last_edited=\u00bbon|phone\u00bb locked=\u00bboff\u00bb global_colors_info=\u00bb{}\u00bb theme_builder_area=\u00bbpost_content\u00bb]<\/p>\n<h1>en el signo deVicino<\/h1>\n<p>[\/et_pb_text][\/et_pb_column][\/et_pb_row][\/et_pb_section][et_pb_section fb_built=\u00bb1&#8243; admin_label=\u00bbAbout\u00bb _builder_version=\u00bb4.16&#8243; global_colors_info=\u00bb{}\u00bb][et_pb_row _builder_version=\u00bb4.16&#8243; custom_padding=\u00bb||0px|||\u00bb global_colors_info=\u00bb{}\u00bb][et_pb_column type=\u00bb4_4&#8243; _builder_version=\u00bb4.16&#8243; global_colors_info=\u00bb{}\u00bb][et_pb_text _builder_version=\u00bb4.16&#8243; text_font=\u00bb||||||||\u00bb text_line_height=\u00bb2em\u00bb header_font=\u00bb||||||||\u00bb header_2_font=\u00bbAbril Fatface||||||||\u00bb header_2_font_size=\u00bb56px\u00bb header_2_line_height=\u00bb1.1em\u00bb max_width=\u00bb800px\u00bb text_line_height_tablet=\u00bb\u00bb text_line_height_phone=\u00bb1.6em\u00bb text_line_height_last_edited=\u00bbon|phone\u00bb header_2_font_size_tablet=\u00bb36px\u00bb header_2_font_size_phone=\u00bb24px\u00bb header_2_font_size_last_edited=\u00bbon|phone\u00bb locked=\u00bboff\u00bb global_colors_info=\u00bb{}\u00bb]<\/p>\n<h2>Bomarzo<\/h2>\n<p>[\/et_pb_text][\/et_pb_column][\/et_pb_row][et_pb_row column_structure=\u00bb2_3,1_3&#8243; _builder_version=\u00bb4.16&#8243; global_colors_info=\u00bb{}\u00bb][et_pb_column type=\u00bb2_3&#8243; _builder_version=\u00bb4.16&#8243; global_colors_info=\u00bb{}\u00bb][et_pb_text _builder_version=\u00bb4.17.6&#8243; text_font=\u00bb||||||||\u00bb text_line_height=\u00bb2em\u00bb header_font=\u00bb||||||||\u00bb header_2_font=\u00bbAbril Fatface||||||||\u00bb header_2_font_size=\u00bb56px\u00bb header_2_line_height=\u00bb1.1em\u00bb max_width=\u00bb800px\u00bb text_line_height_tablet=\u00bb\u00bb text_line_height_phone=\u00bb1.6em\u00bb text_line_height_last_edited=\u00bbon|phone\u00bb header_2_font_size_tablet=\u00bb36px\u00bb header_2_font_size_phone=\u00bb24px\u00bb header_2_font_size_last_edited=\u00bbon|phone\u00bb locked=\u00bboff\u00bb global_colors_info=\u00bb{}\u00bb]<\/p>\n<p>El territorio del municipio de Bomarzo se caracteriza por la presencia de numerosos centros etruscos. El origen etrusco de la peque\u00f1a ciudad queda patente en numerosos hallazgos, como cer\u00e1micas, bronces y sarc\u00f3fagos descubiertos en la necr\u00f3polis de Pianmiano, que documentan un largo e intenso periodo de vida en la zona.<\/p>\n<p>Lo m\u00e1s probable es que el asentamiento m\u00e1s antiguo surgiera y se estableciera en torno al siglo VI a.C. con funciones de vigilancia y control de las rutas comerciales a lo largo del valle del T\u00edber. Mantuvo relaciones comerciales y culturales con la ciudad de Ferento (Acquarossa), pero tambi\u00e9n con los centros m\u00e1s interiores de Etruria, como Chiusi, Perugia y Velzna, la actual Orvieto.<\/p>\n<p>El desarrollo de la ciudad continu\u00f3 ininterrumpidamente en el siglo IV a.C., a pesar de los conflictos y guerras provocados por el ascenso de Roma, hasta el 283 a.C., cuando tuvo lugar cerca de la ciudad la batalla de Vadimone, que marc\u00f3 el fin de la civilizaci\u00f3n etrusca y el comienzo del dominio romano.<\/p>\n<p>Hacia los siglos III-II a.C., adem\u00e1s, con la apertura de la Via Consolare Amerina y la Via Cassia, Bomarzo perdi\u00f3 parte de su importancia estrat\u00e9gica y sus habitantes se desplazaron hacia nuevas comunidades rurales administradas por centros m\u00e1s importantes (Orte o Ferento).<\/p>\n<p>Sin embargo, a partir del a\u00f1o 410 d.C., las invasiones b\u00e1rbaras a lo largo del valle del T\u00edber obligaron a la poblaci\u00f3n a refugiarse de nuevo en lugares m\u00e1s f\u00e1cilmente defendibles, como Bomarzo, Monte Casoli, Castel Colonna y Castel Vecchio. Durante la \u00e9poca medieval, Polimartium (Ciudad de Marte) se convirti\u00f3 en obispado. Se desconoce el momento exacto en que esto sucedi\u00f3, aunque, seg\u00fan Vittori, fue una de las ciudades confiadas al cuidado pastoral de San Tolomeo, consagrado obispo por San Pedro y enviado a Tuscia.<\/p>\n<p>[\/et_pb_text][\/et_pb_column][et_pb_column type=\u00bb1_3&#8243; _builder_version=\u00bb4.16&#8243; background_enable_color=\u00bboff\u00bb global_colors_info=\u00bb{}\u00bb][et_pb_image src=\u00bbhttps:\/\/www.vicino500.it\/wp-content\/uploads\/2022\/08\/Bomarzo-15.jpg\u00bb title_text=\u00bbBomarzo &#8211; 15&#8243; _builder_version=\u00bb4.17.6&#8243; _module_preset=\u00bbdefault\u00bb global_colors_info=\u00bb{}\u00bb][\/et_pb_image][\/et_pb_column][\/et_pb_row][et_pb_row column_structure=\u00bb1_2,1_2&#8243; _builder_version=\u00bb4.17.6&#8243; _module_preset=\u00bbdefault\u00bb global_colors_info=\u00bb{}\u00bb][et_pb_column type=\u00bb1_2&#8243; _builder_version=\u00bb4.17.6&#8243; _module_preset=\u00bbdefault\u00bb global_colors_info=\u00bb{}\u00bb][et_pb_image src=\u00bbhttps:\/\/www.vicino500.it\/wp-content\/uploads\/2022\/08\/Bomarzo-6.jpg\u00bb title_text=\u00bbBomarzo-6&#8243; _builder_version=\u00bb4.17.6&#8243; _module_preset=\u00bbdefault\u00bb global_colors_info=\u00bb{}\u00bb][\/et_pb_image][\/et_pb_column][et_pb_column type=\u00bb1_2&#8243; _builder_version=\u00bb4.17.6&#8243; _module_preset=\u00bbdefault\u00bb global_colors_info=\u00bb{}\u00bb][et_pb_image src=\u00bbhttps:\/\/www.vicino500.it\/wp-content\/uploads\/2022\/08\/Bomarzo-18.jpg\u00bb title_text=\u00bbBomarzo &#8211; 18&#8243; _builder_version=\u00bb4.17.6&#8243; _module_preset=\u00bbdefault\u00bb global_colors_info=\u00bb{}\u00bb][\/et_pb_image][\/et_pb_column][\/et_pb_row][et_pb_row column_structure=\u00bb1_3,2_3&#8243; _builder_version=\u00bb4.17.6&#8243; global_colors_info=\u00bb{}\u00bb][et_pb_column type=\u00bb1_3&#8243; _builder_version=\u00bb4.16&#8243; global_colors_info=\u00bb{}\u00bb][et_pb_image src=\u00bbhttps:\/\/www.vicino500.it\/wp-content\/uploads\/2022\/08\/Bomarzo-16.jpg\u00bb title_text=\u00bbBomarzo 16&#8243; admin_label=\u00bbImmagine\u00bb _builder_version=\u00bb4.17.6&#8243; _module_preset=\u00bbdefault\u00bb global_colors_info=\u00bb{}\u00bb][\/et_pb_image][et_pb_image src=\u00bbhttps:\/\/www.vicino500.it\/wp-content\/uploads\/2022\/08\/Bomarzo-4.jpg\u00bb title_text=\u00bbBomarzo-4&#8243; admin_label=\u00bbImmagine\u00bb _builder_version=\u00bb4.17.6&#8243; _module_preset=\u00bbdefault\u00bb global_colors_info=\u00bb{}\u00bb][\/et_pb_image][\/et_pb_column][et_pb_column type=\u00bb2_3&#8243; _builder_version=\u00bb4.16&#8243; background_enable_color=\u00bboff\u00bb global_colors_info=\u00bb{}\u00bb][et_pb_text _builder_version=\u00bb4.17.6&#8243; text_font=\u00bb||||||||\u00bb text_line_height=\u00bb2em\u00bb header_font=\u00bb||||||||\u00bb header_2_font=\u00bbAbril Fatface||||||||\u00bb header_2_font_size=\u00bb56px\u00bb header_2_line_height=\u00bb1.1em\u00bb max_width=\u00bb800px\u00bb text_line_height_tablet=\u00bb\u00bb text_line_height_phone=\u00bb1.6em\u00bb text_line_height_last_edited=\u00bbon|phone\u00bb header_2_font_size_tablet=\u00bb36px\u00bb header_2_font_size_phone=\u00bb24px\u00bb header_2_font_size_last_edited=\u00bbon|phone\u00bb locked=\u00bboff\u00bb global_colors_info=\u00bb{}\u00bb]<\/p>\n<p>Seg\u00fan el historiador Biondo, Polimartium tambi\u00e9n dio un pont\u00edfice: el papa Sabiniano (604-606), que sucedi\u00f3 a san Gregorio Magno. Pero el obispo m\u00e1s destacado que se recuerda es sin duda San Anselmo, patr\u00f3n de Bomarzo. Fue elegido por aclamaci\u00f3n Episcopum, Dominum, Pastorem (Obispo, Se\u00f1or y Pastor) y como tal tuvo que enfrentarse al rey godo Totila por quien fue hecho prisionero. Su muerte se remonta a finales del siglo VI.<\/p>\n<p>El final de la di\u00f3cesis de Bomarzo se remonta aproximadamente al siglo XI: el obispo Lamberto es el \u00faltimo, en 1015, en firmar documentos conciliares como Episcopus Polimartiensis. Posteriormente, el pueblo perdi\u00f3 importancia, hasta el punto de que en el siglo XII fue anexionado a la di\u00f3cesis de Bagnoregio, y a partir de 1200 comenz\u00f3 su paulatino sometimiento al municipio de Viterbo.<\/p>\n<p>En 1360, con el matrimonio entre Angeluccio di Napoleone Orsini y Roberta di Bonconte, hija de uno de los propietarios del feudo de Bomarzo, comenz\u00f3 la propiedad y los derechos de los Orsini sobre Bomarzo.<\/p>\n<p>En 1502, Bomarzo fue legado a Gian Corrado Orsini. Temido condottiero, hab\u00eda obtenido numerosas ganancias durante su carrera militar, que invirti\u00f3 en parte en la expansi\u00f3n del feudo y en la renovaci\u00f3n del palacio baronal de Bomarzo. En 1519, encarg\u00f3 a Baldassarre Peruzzi el dise\u00f1o de la primera ala del nuevo palacio, situada cerca de la iglesia, y de una nueva v\u00eda de acceso para evitar las estrechas calles de la villa medieval.<\/p>\n<p>En 1535, Gian Corrado Orsini muri\u00f3 y el feudo de Bomarzo pas\u00f3 a su hijo Pier Francesco Orsini, conocido como Vicino, quien tambi\u00e9n hered\u00f3 de su padre la tarea de completar la transformaci\u00f3n del castillo medieval en un palacio renacentista. Este \u00faltimo, hombre culto y amante del arte y el esoterismo, hizo construir entre 1552 y 1580 el \u00abBosque Sagrado\u00bb, un jard\u00edn que conten\u00eda esculturas y obras de arte innovadoras, gigantescas y monstruosas que representaban animales ex\u00f3ticos y fant\u00e1sticos.<\/p>\n<p><em>Con la muerte de Vicino Orsini en 1586, el feudo fue heredado por su hijo Corradino, pero sus continuas ausencias de Bomarzo por compromisos en Roma provocaron un desgobierno contestado por el pueblo y un periodo de crisis para el feudo.<\/em><\/p>\n<p>El \u00faltimo Orsini en posesi\u00f3n de Bomarzo fue Marzio quien, en 1645, vendi\u00f3 el feudo a Ippolito Lante della Rovere, que adquiri\u00f3 con esta cesi\u00f3n el t\u00edtulo de Ducado.<\/p>\n<p>A finales del siglo XVII y principios del XVIII, Bomarzo sufri\u00f3 una profunda crisis, posiblemente debida a la peste de 1656, de la que no se recuper\u00f3 totalmente hasta principios del siglo XIX.<\/p>\n<p>En 1836, el ducado fue adquirido por el pr\u00edncipe Marco Antonio Borghese. Durante este periodo, la ciudad experiment\u00f3 un considerable crecimiento demogr\u00e1fico, hasta el punto de que en 1901 la poblaci\u00f3n alcanz\u00f3 la cifra m\u00e1s alta de su historia: 2.851 habitantes.<\/p>\n<p>[\/et_pb_text][\/et_pb_column][\/et_pb_row][\/et_pb_section][et_pb_section fb_built=\u00bb1&#8243; make_equal=\u00bbon\u00bb use_custom_gutter=\u00bbon\u00bb gutter_width=\u00bb1&#8243; specialty=\u00bbon\u00bb custom_padding_last_edited=\u00bbon|tablet\u00bb bg_img_1=\u00bbhttp:\/\/www.vicino500.it\/wp-content\/uploads\/2022\/08\/Bomarzo-19.jpg\u00bb admin_label=\u00bbEvents\u00bb _builder_version=\u00bb4.17.6&#8243; background_color=\u00bb#000000&#8243; inner_width=\u00bb100%\u00bb inner_width_tablet=\u00bb80%\u00bb inner_width_phone=\u00bb\u00bb inner_width_last_edited=\u00bbon|desktop\u00bb inner_max_width=\u00bbnone\u00bb inner_max_width_tablet=\u00bb1080px\u00bb inner_max_width_phone=\u00bb\u00bb inner_max_width_last_edited=\u00bbon|desktop\u00bb custom_padding=\u00bb0px||0px|||\u00bb custom_padding_tablet=\u00bb50px||||false|false\u00bb custom_padding_phone=\u00bb\u00bb background_color_phone=\u00bbrgba(0,0,0,0)\u00bb background_last_edited=\u00bbon|phone\u00bb background_enable_color_phone=\u00bbon\u00bb global_colors_info=\u00bb{}\u00bb][et_pb_column type=\u00bb1_2&#8243; _builder_version=\u00bb4.16&#8243; custom_padding=\u00bb|||\u00bb global_colors_info=\u00bb{}\u00bb custom_padding__hover=\u00bb|||\u00bb][et_pb_divider show_divider=\u00bboff\u00bb _builder_version=\u00bb4.17.6&#8243; height_tablet=\u00bb290px\u00bb height_phone=\u00bb170px\u00bb height_last_edited=\u00bbon|phone\u00bb global_colors_info=\u00bb{}\u00bb][\/et_pb_divider][\/et_pb_column][et_pb_column type=\u00bb1_2&#8243; specialty_columns=\u00bb2&#8243; _builder_version=\u00bb4.16&#8243; custom_padding=\u00bb|||\u00bb global_colors_info=\u00bb{}\u00bb custom_padding__hover=\u00bb|||\u00bb][et_pb_row_inner custom_padding_last_edited=\u00bbon|desktop\u00bb _builder_version=\u00bb4.16&#8243; background_color=\u00bb#f2ece1&#8243; transform_translate_linked=\u00bboff\u00bb width=\u00bb90%\u00bb width_tablet=\u00bb100%\u00bb width_phone=\u00bb\u00bb width_last_edited=\u00bbon|desktop\u00bb custom_margin=\u00bb|||10%|false|false\u00bb custom_margin_tablet=\u00bb|||0%|false|false\u00bb custom_margin_phone=\u00bb\u00bb custom_margin_last_edited=\u00bbon|desktop\u00bb custom_padding=\u00bb60px|60px|0px|60px|false|true\u00bb custom_padding_tablet=\u00bb\u00bb custom_padding_phone=\u00bb30px|||20px|false|false\u00bb global_colors_info=\u00bb{}\u00bb][et_pb_column_inner saved_specialty_column_type=\u00bb1_2&#8243; _builder_version=\u00bb4.16&#8243; global_colors_info=\u00bb{}\u00bb][et_pb_text _builder_version=\u00bb4.16&#8243; header_font=\u00bb||||||||\u00bb header_3_font=\u00bbAbril Fatface||||||||\u00bb header_3_font_size=\u00bb38px\u00bb header_3_line_height=\u00bb1.1em\u00bb header_4_font=\u00bb|700||on|||||\u00bb header_4_font_size=\u00bb13px\u00bb header_4_letter_spacing=\u00bb1px\u00bb header_4_line_height=\u00bb1.5em\u00bb max_width=\u00bb640px\u00bb custom_margin=\u00bb||11px||false|false\u00bb header_3_font_size_tablet=\u00bb28px\u00bb header_3_font_size_phone=\u00bb18px\u00bb header_3_font_size_last_edited=\u00bbon|phone\u00bb header_4_font_size_tablet=\u00bb16px\u00bb header_4_font_size_phone=\u00bb14px\u00bb header_4_font_size_last_edited=\u00bboff|desktop\u00bb locked=\u00bboff\u00bb global_colors_info=\u00bb{}\u00bb]<\/p>\n<h3>Palacio Orsini<\/h3>\n<p>[\/et_pb_text][et_pb_text _builder_version=\u00bb4.16&#8243; text_font=\u00bb||||||||\u00bb text_line_height=\u00bb2em\u00bb max_width=\u00bb640px\u00bb custom_margin=\u00bb||60px||false|false\u00bb text_line_height_tablet=\u00bb\u00bb text_line_height_phone=\u00bb1.6em\u00bb text_line_height_last_edited=\u00bbon|phone\u00bb locked=\u00bboff\u00bb global_colors_info=\u00bb{}\u00bb]<\/p>\n<p>Las fases de construcci\u00f3n del Palacio Orsini est\u00e1n vinculadas a los acontecimientos del Bosque Sagrado subyacente de Pier Francesco, o Vicino Orsini nacido en Bomarzo el 4 de julio de 1523. Su padre Giovanni Corrado Orsini, ya viudo de Lucrezia Anguillara, se cas\u00f3 el 29 de abril de 1520 con Clarice Orsini, hija del cardenal Franciotto. Ya el 29 de diciembre de 1519, el arquitecto y pintor sien\u00e9s Baldassarre Peruzzi hab\u00eda dise\u00f1ado la primera ala del nuevo palacio, cercana a la iglesia y caracterizada por un patio, una logia, una escalera y otras divisiones.<\/p>\n<p>[\/et_pb_text][et_pb_button button_url=\u00bb@ET-DC@eyJkeW5hbWljIjp0cnVlLCJjb250ZW50IjoicG9zdF9saW5rX3VybF9wYWdlIiwic2V0dGluZ3MiOnsicG9zdF9pZCI6IjE4NyJ9fQ==@\u00bb button_text=\u00bbDescubrir el Palacio Orsini\u00bb button_alignment=\u00bbright\u00bb _builder_version=\u00bb4.17.6&#8243; _dynamic_attributes=\u00bbbutton_url\u00bb custom_button=\u00bbon\u00bb button_text_size=\u00bb14px\u00bb button_text_color=\u00bb#000000&#8243; button_bg_color=\u00bb#ffffff\u00bb button_border_width=\u00bb0px\u00bb button_border_radius=\u00bb0px\u00bb button_letter_spacing=\u00bb1px\u00bb button_font=\u00bb|700||on|||||\u00bb custom_margin=\u00bb|-60px|||false|false\u00bb custom_padding=\u00bb16px|28px|16px|28px|true|true\u00bb locked=\u00bboff\u00bb global_colors_info=\u00bb{}\u00bb][\/et_pb_button][\/et_pb_column_inner][\/et_pb_row_inner][\/et_pb_column][\/et_pb_section]<\/p>\n","protected":false},"excerpt":{"rendered":"<p>en el signo deVicinoBomarzoEl territorio del municipio de Bomarzo se caracteriza por la presencia de numerosos centros etruscos. El origen etrusco de la peque\u00f1a ciudad queda patente en numerosos hallazgos, como cer\u00e1micas, bronces y sarc\u00f3fagos descubiertos en la necr\u00f3polis de Pianmiano, que documentan un largo e intenso periodo de vida en la zona. Lo m\u00e1s [&hellip;]<\/p>\n","protected":false},"author":1,"featured_media":0,"parent":0,"menu_order":0,"comment_status":"closed","ping_status":"closed","template":"","meta":{"_et_pb_use_builder":"on","_et_pb_old_content":"","_et_gb_content_width":"","footnotes":""},"class_list":["post-1354","page","type-page","status-publish","hentry"],"jetpack_sharing_enabled":true,"_links":{"self":[{"href":"https:\/\/www.vicino500.it\/es\/wp-json\/wp\/v2\/pages\/1354","targetHints":{"allow":["GET"]}}],"collection":[{"href":"https:\/\/www.vicino500.it\/es\/wp-json\/wp\/v2\/pages"}],"about":[{"href":"https:\/\/www.vicino500.it\/es\/wp-json\/wp\/v2\/types\/page"}],"author":[{"embeddable":true,"href":"https:\/\/www.vicino500.it\/es\/wp-json\/wp\/v2\/users\/1"}],"replies":[{"embeddable":true,"href":"https:\/\/www.vicino500.it\/es\/wp-json\/wp\/v2\/comments?post=1354"}],"version-history":[{"count":3,"href":"https:\/\/www.vicino500.it\/es\/wp-json\/wp\/v2\/pages\/1354\/revisions"}],"predecessor-version":[{"id":1357,"href":"https:\/\/www.vicino500.it\/es\/wp-json\/wp\/v2\/pages\/1354\/revisions\/1357"}],"wp:attachment":[{"href":"https:\/\/www.vicino500.it\/es\/wp-json\/wp\/v2\/media?parent=1354"}],"curies":[{"name":"wp","href":"https:\/\/api.w.org\/{rel}","templated":true}]}}