{"id":1345,"date":"2022-08-03T16:31:29","date_gmt":"2022-08-03T14:31:29","guid":{"rendered":"https:\/\/www.vicino500.it\/mugnano\/"},"modified":"2023-06-08T16:10:18","modified_gmt":"2023-06-08T14:10:18","slug":"mugnano","status":"publish","type":"page","link":"https:\/\/www.vicino500.it\/es\/mugnano\/","title":{"rendered":"Mugnano"},"content":{"rendered":"<p>[et_pb_section fb_built=\u00bb1&#8243; admin_label=\u00bbHeader\u00bb _builder_version=\u00bb4.17.6&#8243; use_background_color_gradient=\u00bbon\u00bb background_color_gradient_direction=\u00bb90deg\u00bb background_color_gradient_stops=\u00bb#e0d8c8 90%|#6c6e22 90%\u00bb background_color_gradient_start=\u00bb#e0d8c8&#8243; background_color_gradient_start_position=\u00bb90%\u00bb background_color_gradient_end=\u00bb#5d574e\u00bb background_color_gradient_end_position=\u00bb90%\u00bb background_image=\u00bbhttps:\/\/www.vicino500.it\/wp-content\/uploads\/2022\/08\/Moneta-Vicino-01-copia.png\u00bb background_size=\u00bbcustom\u00bb background_blend=\u00bbscreen\u00bb global_colors_info=\u00bb{}\u00bb][et_pb_row _builder_version=\u00bb4.16&#8243; global_colors_info=\u00bb{}\u00bb][et_pb_column type=\u00bb4_4&#8243; _builder_version=\u00bb4.16&#8243; global_colors_info=\u00bb{}\u00bb][et_pb_text _builder_version=\u00bb4.16&#8243; header_font=\u00bbAbril Fatface||||||||\u00bb header_font_size=\u00bb110px\u00bb header_line_height=\u00bb0.9em\u00bb header_2_font=\u00bbAbril Fatface||||||||\u00bb header_2_font_size=\u00bb56px\u00bb header_2_line_height=\u00bb1.1em\u00bb header_font_size_tablet=\u00bb54px\u00bb header_font_size_phone=\u00bb34px\u00bb header_font_size_last_edited=\u00bbon|phone\u00bb header_2_font_size_tablet=\u00bb36px\u00bb header_2_font_size_phone=\u00bb24px\u00bb header_2_font_size_last_edited=\u00bbon|phone\u00bb locked=\u00bboff\u00bb global_colors_info=\u00bb{}\u00bb]<\/p>\n<h1>en el signo deVicino<\/h1>\n<p>[\/et_pb_text][\/et_pb_column][\/et_pb_row][\/et_pb_section][et_pb_section fb_built=\u00bb1&#8243; admin_label=\u00bbAbout\u00bb _builder_version=\u00bb4.16&#8243; global_colors_info=\u00bb{}\u00bb][et_pb_row _builder_version=\u00bb4.16&#8243; custom_padding=\u00bb||0px|||\u00bb global_colors_info=\u00bb{}\u00bb][et_pb_column type=\u00bb4_4&#8243; _builder_version=\u00bb4.16&#8243; global_colors_info=\u00bb{}\u00bb][et_pb_text _builder_version=\u00bb4.16&#8243; text_font=\u00bb||||||||\u00bb text_line_height=\u00bb2em\u00bb header_font=\u00bb||||||||\u00bb header_2_font=\u00bbAbril Fatface||||||||\u00bb header_2_font_size=\u00bb56px\u00bb header_2_line_height=\u00bb1.1em\u00bb max_width=\u00bb800px\u00bb text_line_height_tablet=\u00bb\u00bb text_line_height_phone=\u00bb1.6em\u00bb text_line_height_last_edited=\u00bbon|phone\u00bb header_2_font_size_tablet=\u00bb36px\u00bb header_2_font_size_phone=\u00bb24px\u00bb header_2_font_size_last_edited=\u00bbon|phone\u00bb locked=\u00bboff\u00bb global_colors_info=\u00bb{}\u00bb]<\/p>\n<h2>Mugnano in Teverina<\/h2>\n<p>[\/et_pb_text][\/et_pb_column][\/et_pb_row][et_pb_row column_structure=\u00bb2_3,1_3&#8243; _builder_version=\u00bb4.16&#8243; global_colors_info=\u00bb{}\u00bb][et_pb_column type=\u00bb2_3&#8243; _builder_version=\u00bb4.16&#8243; global_colors_info=\u00bb{}\u00bb][et_pb_text _builder_version=\u00bb4.17.6&#8243; text_font=\u00bb||||||||\u00bb text_line_height=\u00bb2em\u00bb header_font=\u00bb||||||||\u00bb header_2_font=\u00bbAbril Fatface||||||||\u00bb header_2_font_size=\u00bb56px\u00bb header_2_line_height=\u00bb1.1em\u00bb max_width=\u00bb800px\u00bb text_line_height_tablet=\u00bb\u00bb text_line_height_phone=\u00bb1.6em\u00bb text_line_height_last_edited=\u00bbon|phone\u00bb header_2_font_size_tablet=\u00bb36px\u00bb header_2_font_size_phone=\u00bb24px\u00bb header_2_font_size_last_edited=\u00bbon|phone\u00bb locked=\u00bboff\u00bb global_colors_info=\u00bb{}\u00bb]<\/p>\n<p>A unos 4 km A pocos kil\u00f3metros de Bomarzo se encuentra Mugnano in Teverina, una peque\u00f1a aldea situada en una elevaci\u00f3n cerca del T\u00edber y su valle, a 133 m sobre el nivel del mar y habitada por casi 100 personas.<\/p>\n<p>Al igual que otros centros de la Teverina, el asentamiento etrusco original se desarroll\u00f3 en la meseta de un espol\u00f3n tob\u00e1ceo f\u00e1cilmente defendible, a\u00fan m\u00e1s protegido por un profundo foso que todav\u00eda divide la meseta en dos partes diferenciadas, la exterior de las cuales s\u00f3lo estuvo habitada en \u00e9poca moderna.<\/p>\n<p>Abandonado en \u00e9poca romana, cuando sus habitantes prefirieron trasladarse a las villas r\u00fasticas construidas en el valle del T\u00edber, m\u00e1s abajo, el lugar volvi\u00f3 a ser ocupado tras la ca\u00edda del Imperio Romano, coincidiendo con las primeras invasiones b\u00e1rbaras entre finales del siglo IX y principios del X, desarroll\u00e1ndose principalmente en torno al convento benedictino de los Santos Liberato y Bartolom\u00e9, suprimido en el siglo XV. El edificio que hab\u00eda albergado el convento en 1522 pas\u00f3 a ser propiedad de la familia Orsini, que inici\u00f3 la construcci\u00f3n de una nueva residencia en el lugar.<\/p>\n<p>En 1194, Raniero di Bonifazio, se\u00f1or del <em>castrum<\/em>, jur\u00f3 fidelidad y obediencia a Viterbo, obteniendo a cambio su protecci\u00f3n y ayuda. Pocos a\u00f1os despu\u00e9s, fue conquistada por las tropas del emperador Ot\u00f3n IV en lucha contra el papa Inocencio III, que hab\u00eda elegido Viterbo como residencia papal. Hasta la primera mitad del siglo XIV, el <em>castrum<\/em> sigui\u00f3 siendo aliado de la Comuna de Viterbo, y como tal continu\u00f3 implicado en los enfrentamientos feudales que tuvieron lugar en la Teverina.<\/p>\n<p>En concreto, hacia 1267 pas\u00f3 a formar parte de las posesiones de la familia Orsini, asumiendo la funci\u00f3n de puesto avanzado para controlar el tr\u00e1fico a lo largo del T\u00edber y defender el interior. La construcci\u00f3n de la alta <strong>torre<\/strong> data probablemente de esta \u00e9poca.  Torre cil\u00edndrica encargada por los Orsini: caracterizada por aspilleras para el fuego de flanqueo, ventanas originales trilobuladas para el avistamiento y un coronamiento en m\u00e9nsula para el fuego penetrante en toda la circunferencia, esta torre comandaba toda la l\u00ednea de defensa y pod\u00eda interrumpir la continuidad del paseo mediante dos puertas f\u00e1ciles de cerrar. No s\u00f3lo respond\u00eda a necesidades defensivas sino que representaba uno de los puntos clave de todo el sistema ofensivo-defensivo de los Orsini: entre el castillo de Mugnano y el de Soriano, propiedad de los Orsini desde 1278 y distante del primero unos 10 km, una serie de torres intermedias, conectadas con otros miradores (Chia, Colle Casale, S. Maria Luco, Sassoquadro, Casale Rocchette y probablemente tambi\u00e9n Bassano in Teverina), ten\u00edan la funci\u00f3n no s\u00f3lo de control sino tambi\u00e9n de env\u00edo de se\u00f1ales y en algunos casos incluso aduanas. Maria di Luco, Sassoquadro, Casale delle Rocchette y probablemente tambi\u00e9n Bassano in Teverina), ten\u00edan de hecho la funci\u00f3n no s\u00f3lo de control sino tambi\u00e9n de env\u00edo de se\u00f1ales y en algunos casos tambi\u00e9n de aduana para el cobro de las gabelas (peajes) que marcaban las v\u00edas de paso y acceso al T\u00edber.<\/p>\n<p>[\/et_pb_text][\/et_pb_column][et_pb_column type=\u00bb1_3&#8243; _builder_version=\u00bb4.16&#8243; background_enable_color=\u00bboff\u00bb global_colors_info=\u00bb{}\u00bb][et_pb_image src=\u00bbhttps:\/\/www.vicino500.it\/wp-content\/uploads\/2022\/08\/Mugnano-11.jpg\u00bb _builder_version=\u00bb4.17.6&#8243; _module_preset=\u00bbdefault\u00bb title_text=\u00bbMugnano &#8211; 11&#8243; hover_enabled=\u00bb0&#8243; sticky_enabled=\u00bb0&#8243;][\/et_pb_image][\/et_pb_column][\/et_pb_row][et_pb_row column_structure=\u00bb3_4,1_4&#8243; _builder_version=\u00bb4.17.6&#8243; _module_preset=\u00bbdefault\u00bb global_colors_info=\u00bb{}\u00bb][et_pb_column type=\u00bb3_4&#8243; _builder_version=\u00bb4.17.6&#8243; _module_preset=\u00bbdefault\u00bb global_colors_info=\u00bb{}\u00bb][et_pb_image src=\u00bbhttps:\/\/www.vicino500.it\/wp-content\/uploads\/2022\/08\/Mugnano-22.jpg\u00bb title_text=\u00bbMugnano &#8211; 22&#8243; _builder_version=\u00bb4.17.6&#8243; _module_preset=\u00bbdefault\u00bb hover_enabled=\u00bb0&#8243; global_colors_info=\u00bb{}\u00bb sticky_enabled=\u00bb0&#8243;][\/et_pb_image][\/et_pb_column][et_pb_column type=\u00bb1_4&#8243; _builder_version=\u00bb4.17.6&#8243; _module_preset=\u00bbdefault\u00bb global_colors_info=\u00bb{}\u00bb][\/et_pb_column][\/et_pb_row][et_pb_row column_structure=\u00bb1_3,2_3&#8243; _builder_version=\u00bb4.17.6&#8243; global_colors_info=\u00bb{}\u00bb][et_pb_column type=\u00bb1_3&#8243; _builder_version=\u00bb4.16&#8243; global_colors_info=\u00bb{}\u00bb][\/et_pb_column][et_pb_column type=\u00bb2_3&#8243; _builder_version=\u00bb4.16&#8243; background_enable_color=\u00bboff\u00bb global_colors_info=\u00bb{}\u00bb][et_pb_text _builder_version=\u00bb4.17.6&#8243; text_font=\u00bb||||||||\u00bb text_line_height=\u00bb2em\u00bb header_font=\u00bb||||||||\u00bb header_2_font=\u00bbAbril Fatface||||||||\u00bb header_2_font_size=\u00bb56px\u00bb header_2_line_height=\u00bb1.1em\u00bb max_width=\u00bb800px\u00bb text_line_height_tablet=\u00bb\u00bb text_line_height_phone=\u00bb1.6em\u00bb text_line_height_last_edited=\u00bbon|phone\u00bb header_2_font_size_tablet=\u00bb36px\u00bb header_2_font_size_phone=\u00bb24px\u00bb header_2_font_size_last_edited=\u00bbon|phone\u00bb locked=\u00bboff\u00bb global_colors_info=\u00bb{}\u00bb]<\/p>\n<p>En 1417 se produjo un cambio pol\u00edtico sustancial con la elecci\u00f3n al trono papal de Mart\u00edn V, miembro de la familia Colonna, enemiga de los Orsini: en 1427, Mugnano fue de hecho concedida a Antonio Colonna, quien, tras la muerte de Mart\u00edn V en 1431, fue declarado rebelde y expropiado de todos sus feudos. Ese mismo a\u00f1o, el papa Eugenio IV, tras conceder el perd\u00f3n a la familia Colonna, otorg\u00f3 a la Reverenda C\u00e1mara Apost\u00f3lica la posesi\u00f3n del castillo, que, sin embargo, poco despu\u00e9s volvi\u00f3 a manos de la familia Orsini.<\/p>\n<p>En la \u00e9poca de los Colonna, la <strong>fortaleza-palacio<\/strong> de los Orsini que defend\u00eda la entrada a la ciudad tambi\u00e9n se transform\u00f3, incorporando la carretera de acceso. A principios del siglo XVI, la fachada que da al T\u00edber fue ampliada y refinada con una logia, posiblemente dise\u00f1ada por Peruzzi, mientras que la fachada que da a la ciudad fue redefinida con la adici\u00f3n de elementos arquitect\u00f3nicos renacentistas, como ventanas y una cornisa de cordones, y con la colocaci\u00f3n sim\u00e9trica del portal de entrada en el que aparece la inscripci\u00f3n \u00abCarolus Ursinus\u00bb. De esta \u00e9poca data tambi\u00e9n la construcci\u00f3n del subterr\u00e1neo, controlado desde el interior del palacio, que regulaba la entrada y salida de la poblaci\u00f3n a trav\u00e9s de dos puertas de acceso bien conservadas.<\/p>\n<p>Hacia 1580, al no haber m\u00e1s herederos leg\u00edtimos de la rama de los Orsini di Tuscia, el castillo y sus posesiones pasaron a Virginio, de la rama de los duques de Bracciano. Las violentas disputas que surgieron entre las dos ramas de la familia fueron aprovechadas por el papa Sixto V, que concedi\u00f3 la posesi\u00f3n de Mugnano a la Reverenda C\u00e1mara Apost\u00f3lica, al menos hasta que se resolvieran las desavenencias.<\/p>\n<p>En 1622, el castillo fue arrendado por nueve a\u00f1os a la familia Savelli, mientras que se hicieron nuevos arrendamientos en 1632, 1649 y 1660. Finalmente, a principios de 1700, la Reverenda C\u00e1mara Apost\u00f3lica devolvi\u00f3 Mugnano a los Orsini.<\/p>\n<p>[\/et_pb_text][\/et_pb_column][\/et_pb_row][et_pb_row column_structure=\u00bb1_4,3_4&#8243; _builder_version=\u00bb4.17.6&#8243; _module_preset=\u00bbdefault\u00bb global_colors_info=\u00bb{}\u00bb][et_pb_column type=\u00bb1_4&#8243; _builder_version=\u00bb4.17.6&#8243; _module_preset=\u00bbdefault\u00bb global_colors_info=\u00bb{}\u00bb][\/et_pb_column][et_pb_column type=\u00bb3_4&#8243; _builder_version=\u00bb4.17.6&#8243; _module_preset=\u00bbdefault\u00bb global_colors_info=\u00bb{}\u00bb][et_pb_image src=\u00bbhttps:\/\/www.vicino500.it\/wp-content\/uploads\/2022\/08\/Mugnano-2.jpg\u00bb title_text=\u00bbMugnano 2&#8243; _builder_version=\u00bb4.17.6&#8243; _module_preset=\u00bbdefault\u00bb hover_enabled=\u00bb0&#8243; global_colors_info=\u00bb{}\u00bb sticky_enabled=\u00bb0&#8243;][\/et_pb_image][\/et_pb_column][\/et_pb_row][\/et_pb_section][et_pb_section fb_built=\u00bb1&#8243; make_equal=\u00bbon\u00bb use_custom_gutter=\u00bbon\u00bb gutter_width=\u00bb1&#8243; specialty=\u00bbon\u00bb custom_padding_last_edited=\u00bbon|tablet\u00bb bg_img_1=\u00bbhttp:\/\/www.vicino500.it\/wp-content\/uploads\/2022\/08\/Bomarzo-13.jpg\u00bb admin_label=\u00bbEvents\u00bb _builder_version=\u00bb4.17.6&#8243; background_color=\u00bb#000000&#8243; inner_width=\u00bb100%\u00bb inner_width_tablet=\u00bb80%\u00bb inner_width_phone=\u00bb\u00bb inner_width_last_edited=\u00bbon|desktop\u00bb inner_max_width=\u00bbnone\u00bb inner_max_width_tablet=\u00bb1080px\u00bb inner_max_width_phone=\u00bb\u00bb inner_max_width_last_edited=\u00bbon|desktop\u00bb custom_padding=\u00bb0px||0px|||\u00bb custom_padding_tablet=\u00bb50px||||false|false\u00bb custom_padding_phone=\u00bb\u00bb background_color_phone=\u00bbrgba(0,0,0,0)\u00bb background_last_edited=\u00bbon|phone\u00bb background_enable_color_phone=\u00bbon\u00bb global_colors_info=\u00bb{}\u00bb][et_pb_column type=\u00bb1_2&#8243; _builder_version=\u00bb4.16&#8243; custom_padding=\u00bb|||\u00bb global_colors_info=\u00bb{}\u00bb custom_padding__hover=\u00bb|||\u00bb][et_pb_divider show_divider=\u00bboff\u00bb _builder_version=\u00bb4.17.6&#8243; height_tablet=\u00bb290px\u00bb height_phone=\u00bb170px\u00bb height_last_edited=\u00bbon|phone\u00bb global_colors_info=\u00bb{}\u00bb][\/et_pb_divider][\/et_pb_column][et_pb_column type=\u00bb1_2&#8243; specialty_columns=\u00bb2&#8243; _builder_version=\u00bb4.16&#8243; custom_padding=\u00bb|||\u00bb global_colors_info=\u00bb{}\u00bb custom_padding__hover=\u00bb|||\u00bb][et_pb_row_inner custom_padding_last_edited=\u00bbon|desktop\u00bb _builder_version=\u00bb4.16&#8243; background_color=\u00bb#f2ece1&#8243; transform_translate_linked=\u00bboff\u00bb width=\u00bb90%\u00bb width_tablet=\u00bb100%\u00bb width_phone=\u00bb\u00bb width_last_edited=\u00bbon|desktop\u00bb custom_margin=\u00bb|||10%|false|false\u00bb custom_margin_tablet=\u00bb|||0%|false|false\u00bb custom_margin_phone=\u00bb\u00bb custom_margin_last_edited=\u00bbon|desktop\u00bb custom_padding=\u00bb60px|60px|0px|60px|false|true\u00bb custom_padding_tablet=\u00bb\u00bb custom_padding_phone=\u00bb30px|||20px|false|false\u00bb global_colors_info=\u00bb{}\u00bb][et_pb_column_inner saved_specialty_column_type=\u00bb1_2&#8243; _builder_version=\u00bb4.16&#8243; global_colors_info=\u00bb{}\u00bb][et_pb_text _builder_version=\u00bb4.17.6&#8243; header_font=\u00bb||||||||\u00bb header_3_font=\u00bbAbril Fatface||||||||\u00bb header_3_font_size=\u00bb38px\u00bb header_3_line_height=\u00bb1.1em\u00bb header_4_font=\u00bb|700||on|||||\u00bb header_4_font_size=\u00bb13px\u00bb header_4_letter_spacing=\u00bb1px\u00bb header_4_line_height=\u00bb1.5em\u00bb max_width=\u00bb640px\u00bb custom_margin=\u00bb||11px||false|false\u00bb custom_padding=\u00bb|||0px||\u00bb header_3_font_size_tablet=\u00bb28px\u00bb header_3_font_size_phone=\u00bb18px\u00bb header_3_font_size_last_edited=\u00bbon|phone\u00bb header_4_font_size_tablet=\u00bb16px\u00bb header_4_font_size_phone=\u00bb14px\u00bb header_4_font_size_last_edited=\u00bboff|desktop\u00bb locked=\u00bboff\u00bb global_colors_info=\u00bb{}\u00bb]<\/p>\n<h3>La reserva de Monte Casoli<\/h3>\n<p>[\/et_pb_text][et_pb_text _builder_version=\u00bb4.17.6&#8243; text_font=\u00bb||||||||\u00bb text_line_height=\u00bb2em\u00bb max_width=\u00bb640px\u00bb custom_margin=\u00bb||60px||false|false\u00bb text_line_height_tablet=\u00bb\u00bb text_line_height_phone=\u00bb1.6em\u00bb text_line_height_last_edited=\u00bbon|phone\u00bb locked=\u00bboff\u00bb global_colors_info=\u00bb{}\u00bb]<\/p>\n<p>La Reserva Natural de Monte Casoli se cre\u00f3 en virtud de la Ley Regional del Lacio n\u00ba. 30 de 1999. El organismo gestor es la Provincia de Viterbo en colaboraci\u00f3n con el Ayuntamiento de Bomarzo.<\/p>\n<p>La Reserva, de 285 hect\u00e1reas y situada \u00edntegramente en el t\u00e9rmino municipal de Bomarzo, se cre\u00f3 para promover la conservaci\u00f3n y valorizaci\u00f3n del territorio y sus recursos naturales y culturales, as\u00ed como para proteger y recuperar los h\u00e1bitats naturales, incluidas las especies animales y vegetales.<\/p>\n<p>[\/et_pb_text][et_pb_button button_url=\u00bb@ET-DC@eyJkeW5hbWljIjp0cnVlLCJjb250ZW50IjoicG9zdF9saW5rX3VybF9wYWdlIiwic2V0dGluZ3MiOnsicG9zdF9pZCI6IjIxMCJ9fQ==@\u00bb button_text=\u00bbReserva Natural de Monte Casoli\u00bb button_alignment=\u00bbright\u00bb _builder_version=\u00bb4.17.6&#8243; _dynamic_attributes=\u00bbbutton_url\u00bb custom_button=\u00bbon\u00bb button_text_size=\u00bb14px\u00bb button_text_color=\u00bb#000000&#8243; button_bg_color=\u00bb#ffffff\u00bb button_border_width=\u00bb0px\u00bb button_border_radius=\u00bb0px\u00bb button_letter_spacing=\u00bb1px\u00bb button_font=\u00bb|700||on|||||\u00bb custom_margin=\u00bb|-60px|||false|false\u00bb custom_padding=\u00bb16px|28px|16px|28px|true|true\u00bb locked=\u00bboff\u00bb global_colors_info=\u00bb{}\u00bb][\/et_pb_button][\/et_pb_column_inner][\/et_pb_row_inner][\/et_pb_column][\/et_pb_section]<\/p>\n","protected":false},"excerpt":{"rendered":"<p>en el signo deVicinoMugnano in TeverinaA unos 4 km A pocos kil\u00f3metros de Bomarzo se encuentra Mugnano in Teverina, una peque\u00f1a aldea situada en una elevaci\u00f3n cerca del T\u00edber y su valle, a 133 m sobre el nivel del mar y habitada por casi 100 personas. Al igual que otros centros de la Teverina, el [&hellip;]<\/p>\n","protected":false},"author":1,"featured_media":0,"parent":0,"menu_order":0,"comment_status":"closed","ping_status":"closed","template":"","meta":{"_et_pb_use_builder":"on","_et_pb_old_content":"","_et_gb_content_width":"","footnotes":""},"class_list":["post-1345","page","type-page","status-publish","hentry"],"jetpack_sharing_enabled":true,"_links":{"self":[{"href":"https:\/\/www.vicino500.it\/es\/wp-json\/wp\/v2\/pages\/1345","targetHints":{"allow":["GET"]}}],"collection":[{"href":"https:\/\/www.vicino500.it\/es\/wp-json\/wp\/v2\/pages"}],"about":[{"href":"https:\/\/www.vicino500.it\/es\/wp-json\/wp\/v2\/types\/page"}],"author":[{"embeddable":true,"href":"https:\/\/www.vicino500.it\/es\/wp-json\/wp\/v2\/users\/1"}],"replies":[{"embeddable":true,"href":"https:\/\/www.vicino500.it\/es\/wp-json\/wp\/v2\/comments?post=1345"}],"version-history":[{"count":3,"href":"https:\/\/www.vicino500.it\/es\/wp-json\/wp\/v2\/pages\/1345\/revisions"}],"predecessor-version":[{"id":1351,"href":"https:\/\/www.vicino500.it\/es\/wp-json\/wp\/v2\/pages\/1345\/revisions\/1351"}],"wp:attachment":[{"href":"https:\/\/www.vicino500.it\/es\/wp-json\/wp\/v2\/media?parent=1345"}],"curies":[{"name":"wp","href":"https:\/\/api.w.org\/{rel}","templated":true}]}}