{"id":1331,"date":"2022-08-03T15:53:09","date_gmt":"2022-08-03T13:53:09","guid":{"rendered":"https:\/\/www.vicino500.it\/palacio-orsini\/"},"modified":"2023-06-08T16:10:14","modified_gmt":"2023-06-08T14:10:14","slug":"palacio-orsini","status":"publish","type":"page","link":"https:\/\/www.vicino500.it\/es\/palacio-orsini\/","title":{"rendered":"Palacio Orsini"},"content":{"rendered":"<p>[et_pb_section fb_built=\u00bb1&#8243; admin_label=\u00bbHeader\u00bb _builder_version=\u00bb4.17.6&#8243; use_background_color_gradient=\u00bbon\u00bb background_color_gradient_direction=\u00bb90deg\u00bb background_color_gradient_stops=\u00bb#e0d8c8 90%|#6c6e22 90%\u00bb background_color_gradient_start=\u00bb#e0d8c8&#8243; background_color_gradient_start_position=\u00bb90%\u00bb background_color_gradient_end=\u00bb#5d574e\u00bb background_color_gradient_end_position=\u00bb90%\u00bb background_image=\u00bbhttps:\/\/www.vicino500.it\/wp-content\/uploads\/2022\/08\/Moneta-Vicino-01-copia.png\u00bb background_size=\u00bbcustom\u00bb background_blend=\u00bbscreen\u00bb global_colors_info=\u00bb{}\u00bb theme_builder_area=\u00bbpost_content\u00bb][et_pb_row _builder_version=\u00bb4.16&#8243; global_colors_info=\u00bb{}\u00bb theme_builder_area=\u00bbpost_content\u00bb][et_pb_column type=\u00bb4_4&#8243; _builder_version=\u00bb4.16&#8243; global_colors_info=\u00bb{}\u00bb theme_builder_area=\u00bbpost_content\u00bb][et_pb_text _builder_version=\u00bb4.16&#8243; header_font=\u00bbAbril Fatface||||||||\u00bb header_font_size=\u00bb110px\u00bb header_line_height=\u00bb0.9em\u00bb header_2_font=\u00bbAbril Fatface||||||||\u00bb header_2_font_size=\u00bb56px\u00bb header_2_line_height=\u00bb1.1em\u00bb header_font_size_tablet=\u00bb54px\u00bb header_font_size_phone=\u00bb34px\u00bb header_font_size_last_edited=\u00bbon|phone\u00bb header_2_font_size_tablet=\u00bb36px\u00bb header_2_font_size_phone=\u00bb24px\u00bb header_2_font_size_last_edited=\u00bbon|phone\u00bb locked=\u00bboff\u00bb global_colors_info=\u00bb{}\u00bb theme_builder_area=\u00bbpost_content\u00bb]<\/p>\n<h1>en el signo deVicino<\/h1>\n<p>[\/et_pb_text][\/et_pb_column][\/et_pb_row][\/et_pb_section][et_pb_section fb_built=\u00bb1&#8243; admin_label=\u00bbAbout\u00bb _builder_version=\u00bb4.16&#8243; global_colors_info=\u00bb{}\u00bb][et_pb_row _builder_version=\u00bb4.16&#8243; custom_padding=\u00bb||0px|||\u00bb global_colors_info=\u00bb{}\u00bb][et_pb_column type=\u00bb4_4&#8243; _builder_version=\u00bb4.16&#8243; global_colors_info=\u00bb{}\u00bb][et_pb_text _builder_version=\u00bb4.16&#8243; text_font=\u00bb||||||||\u00bb text_line_height=\u00bb2em\u00bb header_font=\u00bb||||||||\u00bb header_2_font=\u00bbAbril Fatface||||||||\u00bb header_2_font_size=\u00bb56px\u00bb header_2_line_height=\u00bb1.1em\u00bb max_width=\u00bb800px\u00bb text_line_height_tablet=\u00bb\u00bb text_line_height_phone=\u00bb1.6em\u00bb text_line_height_last_edited=\u00bbon|phone\u00bb header_2_font_size_tablet=\u00bb36px\u00bb header_2_font_size_phone=\u00bb24px\u00bb header_2_font_size_last_edited=\u00bbon|phone\u00bb locked=\u00bboff\u00bb global_colors_info=\u00bb{}\u00bb]<\/p>\n<h2>Palacio Orsini<\/h2>\n<p>[\/et_pb_text][\/et_pb_column][\/et_pb_row][et_pb_row column_structure=\u00bb2_3,1_3&#8243; _builder_version=\u00bb4.16&#8243; global_colors_info=\u00bb{}\u00bb][et_pb_column type=\u00bb2_3&#8243; _builder_version=\u00bb4.16&#8243; global_colors_info=\u00bb{}\u00bb][et_pb_text _builder_version=\u00bb4.17.6&#8243; text_font=\u00bb||||||||\u00bb text_line_height=\u00bb2em\u00bb header_font=\u00bb||||||||\u00bb header_2_font=\u00bbAbril Fatface||||||||\u00bb header_2_font_size=\u00bb56px\u00bb header_2_line_height=\u00bb1.1em\u00bb max_width=\u00bb800px\u00bb text_line_height_tablet=\u00bb\u00bb text_line_height_phone=\u00bb1.6em\u00bb text_line_height_last_edited=\u00bbon|phone\u00bb header_2_font_size_tablet=\u00bb36px\u00bb header_2_font_size_phone=\u00bb24px\u00bb header_2_font_size_last_edited=\u00bbon|phone\u00bb locked=\u00bboff\u00bb global_colors_info=\u00bb{}\u00bb]<\/p>\n<p>Las fases de construcci\u00f3n del Palacio Orsini est\u00e1n vinculadas a los acontecimientos del Bosque Sagrado subyacente de Pier Francesco, o Vicino Orsini nacido en Bomarzo el 4 de julio de 1523. Su padre Giovanni Corrado Orsini, ya viudo de Lucrezia Anguillara, se cas\u00f3 el 29 de abril de 1520 con Clarice Orsini, hija del cardenal Franciotto.<\/p>\n<p>Ya el 29 de diciembre de 1519, el arquitecto y pintor sien\u00e9s Baldassarre Peruzzi hab\u00eda dise\u00f1ado la primera ala del nuevo palacio, cercana a la iglesia y caracterizada por un patio, una logia, una escalera y otras divisiones. Peruzzi tambi\u00e9n fue empresario, aprovechando la presencia en el lugar de su hermanastro el pintor Pietro Antonio di Andrea. De 1520 a 1524, los trabajos de cincelado hasta el primer piso se deben a Pier Domenico Ricciarelli; los posteriores a 1524, es decir, los entresuelos y la cornisa, a Bartolomeo di mastro Giovanni da Morco, de la di\u00f3cesis de Como. Para evitar los embotellamientos de la villa medieval, Peruzzi dise\u00f1\u00f3 y construy\u00f3 el trazado de una nueva v\u00eda de acceso, que tambi\u00e9n est\u00e1 documentada en una vista del cuaderno Siena S.IV.7. Entre 1521 y 1533, bajo el castillo, el palacio y el pueblo, se adquiri\u00f3 una gran superficie para crear un jard\u00edn en terrazas, inclinado hacia el valle y conectado con el nuevo sistema de carreteras.<\/p>\n<p>En 1526, la nueva ala del palacio estaba a\u00fan inacabada, hasta el punto de que Giovanni Corrado Orsini encarg\u00f3 a sus hijos que la terminasen y luego, posiblemente, trabajasen en el ala adyacente m\u00e1s antigua. Un boceto de Peruzzi conservado en los Uffizi (U 579 retto) muestra la planta del palacio con la logia, el patio y la escalera en la uni\u00f3n de las dos alas, la nueva parcialmente realizada y la antigua a\u00fan por transformar.<\/p>\n<p>A la muerte de Giovanni Corrado Orsini, el 21 de septiembre de 1535, fue su hijo Pier Francesco, o Vicino, quien mand\u00f3 terminar la nueva ala Peruzzi. As\u00ed, en el patio cubierto, dos ventanas de la planta baja y el portal de entrada de la planta baja llevan el nombre de Vicino. Casado en J\u00fapiter el 11 de enero de 1544 con Giulia, hija de Galeazzo Farnese, Vicino Orsini, en el primer piso del ala antigua, construy\u00f3 su propio piso conocido como la Galleria, actual ayuntamiento, y ampliado tras la muerte de su esposa, entre 1560 y 1583.<\/p>\n<p>[\/et_pb_text][\/et_pb_column][et_pb_column type=\u00bb1_3&#8243; _builder_version=\u00bb4.16&#8243; background_enable_color=\u00bboff\u00bb global_colors_info=\u00bb{}\u00bb][et_pb_image src=\u00bbhttps:\/\/www.vicino500.it\/wp-content\/uploads\/2022\/08\/Bomarzo-8.jpg\u00bb title_text=\u00bbBomarzo-8&#8243; _builder_version=\u00bb4.17.6&#8243; _module_preset=\u00bbdefault\u00bb global_colors_info=\u00bb{}\u00bb][\/et_pb_image][\/et_pb_column][\/et_pb_row][et_pb_row column_structure=\u00bb3_4,1_4&#8243; _builder_version=\u00bb4.17.6&#8243; _module_preset=\u00bbdefault\u00bb global_colors_info=\u00bb{}\u00bb][et_pb_column type=\u00bb3_4&#8243; _builder_version=\u00bb4.17.6&#8243; _module_preset=\u00bbdefault\u00bb global_colors_info=\u00bb{}\u00bb][et_pb_image src=\u00bbhttps:\/\/www.vicino500.it\/wp-content\/uploads\/2022\/08\/Bomarzo-1.jpg\u00bb title_text=\u00bbBomarzo-1&#8243; _builder_version=\u00bb4.17.6&#8243; _module_preset=\u00bbdefault\u00bb global_colors_info=\u00bb{}\u00bb][\/et_pb_image][\/et_pb_column][et_pb_column type=\u00bb1_4&#8243; _builder_version=\u00bb4.17.6&#8243; _module_preset=\u00bbdefault\u00bb global_colors_info=\u00bb{}\u00bb][\/et_pb_column][\/et_pb_row][et_pb_row column_structure=\u00bb1_3,2_3&#8243; _builder_version=\u00bb4.17.6&#8243; global_colors_info=\u00bb{}\u00bb][et_pb_column type=\u00bb1_3&#8243; _builder_version=\u00bb4.16&#8243; global_colors_info=\u00bb{}\u00bb][et_pb_image src=\u00bbhttps:\/\/www.vicino500.it\/wp-content\/uploads\/2022\/08\/Bomarzo-19.jpg\u00bb title_text=\u00bbBomarzo &#8211; 19&#8243; _builder_version=\u00bb4.17.6&#8243; _module_preset=\u00bbdefault\u00bb global_colors_info=\u00bb{}\u00bb][\/et_pb_image][et_pb_image src=\u00bbhttps:\/\/www.vicino500.it\/wp-content\/uploads\/2022\/08\/Bomarzo-9.jpg\u00bb title_text=\u00bbBomarzo &#8211; 9&#8243; _builder_version=\u00bb4.17.6&#8243; _module_preset=\u00bbdefault\u00bb global_colors_info=\u00bb{}\u00bb][\/et_pb_image][et_pb_image src=\u00bbhttps:\/\/www.vicino500.it\/wp-content\/uploads\/2022\/08\/Bomarzo-14.jpg\u00bb title_text=\u00bbBomarzo-14&#8243; _builder_version=\u00bb4.17.6&#8243; _module_preset=\u00bbdefault\u00bb global_colors_info=\u00bb{}\u00bb][\/et_pb_image][\/et_pb_column][et_pb_column type=\u00bb2_3&#8243; _builder_version=\u00bb4.16&#8243; background_enable_color=\u00bboff\u00bb global_colors_info=\u00bb{}\u00bb][et_pb_text _builder_version=\u00bb4.17.6&#8243; text_font=\u00bb||||||||\u00bb text_line_height=\u00bb2em\u00bb header_font=\u00bb||||||||\u00bb header_2_font=\u00bbAbril Fatface||||||||\u00bb header_2_font_size=\u00bb56px\u00bb header_2_line_height=\u00bb1.1em\u00bb max_width=\u00bb800px\u00bb text_line_height_tablet=\u00bb\u00bb text_line_height_phone=\u00bb1.6em\u00bb text_line_height_last_edited=\u00bbon|phone\u00bb header_2_font_size_tablet=\u00bb36px\u00bb header_2_font_size_phone=\u00bb24px\u00bb header_2_font_size_last_edited=\u00bbon|phone\u00bb locked=\u00bboff\u00bb global_colors_info=\u00bb{}\u00bb]<\/p>\n<p>La logia, cuadriculada en dos lados contiguos, se utiliza actualmente como sala del consejo. El escultor y arquitecto Francesco Moschino s\u00f3lo estuvo presente en Bomarzo en 1552, y mucho m\u00e1s tarde su hijo Simone Moschino y un grupo de canteros florentinos, todos al servicio de Orsini. El s\u00f3tano del ala Peruzzi se destin\u00f3 a cocinas y servicios, la planta baja a relaciones p\u00fablicas y justicia, y la primera planta y el entresuelo a viviendas.<\/p>\n<p>Tras la muerte de Giulia Farnese, Vicino Orsini vivi\u00f3 en el piso de la Galleria; la planta baja del ala Peruzzi fue utilizada por su hijo Corradino Orsini y Margherita Sabella, mientras que el primer piso se asign\u00f3 a su otro hijo Marzio Orsini y Porzia Vitelli.<\/p>\n<p>De hecho, hacia 1575, la habitaci\u00f3n central del primer piso fue pintada, posiblemente por el artista de Viterbo Orazio Bernardo di Domenico, con un friso que conten\u00eda los escudos de armas de los Orsini y los Vitelli y vistas de los castillos de ambas familias. En 1564, para una logia del palacio de Annibal Caro, proporcion\u00f3 instrucciones para pintar la f\u00e1bula de los Gigantes, tal vez a\u00fan oculta si no destruida. En 1645, Bomarzo y el palacio Orsini fueron vendidos al duque Ippolito Lante della Rovere, quien hizo construir el gran sal\u00f3n del primer piso, en cuya b\u00f3veda el pintor de Cortona Lorenzo Berrettini pint\u00f3 la alegor\u00eda de Guerra y Paz en 1660-1661.<\/p>\n<p>Las puertas de piedra de la planta baja son del siglo XVII; las de Peruzzi est\u00e1n todas en la planta baja. En 1836, el palacio pas\u00f3 a la familia Borghese, a la que se debe la sala con vistas a los castillos de Mugnano, Chia y Attigliano.<\/p>\n<p>[\/et_pb_text][\/et_pb_column][\/et_pb_row][\/et_pb_section][et_pb_section fb_built=\u00bb1&#8243; make_equal=\u00bbon\u00bb use_custom_gutter=\u00bbon\u00bb gutter_width=\u00bb1&#8243; specialty=\u00bbon\u00bb custom_padding_last_edited=\u00bbon|tablet\u00bb bg_img_1=\u00bbhttp:\/\/www.vicino500.it\/wp-content\/uploads\/2022\/08\/Bomarzo-2.jpg\u00bb admin_label=\u00bbEvents\u00bb _builder_version=\u00bb4.17.6&#8243; background_color=\u00bb#000000&#8243; inner_width=\u00bb100%\u00bb inner_width_tablet=\u00bb80%\u00bb inner_width_phone=\u00bb\u00bb inner_width_last_edited=\u00bbon|desktop\u00bb inner_max_width=\u00bbnone\u00bb inner_max_width_tablet=\u00bb1080px\u00bb inner_max_width_phone=\u00bb\u00bb inner_max_width_last_edited=\u00bbon|desktop\u00bb custom_padding=\u00bb0px||0px|||\u00bb custom_padding_tablet=\u00bb50px||||false|false\u00bb custom_padding_phone=\u00bb\u00bb background_color_phone=\u00bbrgba(0,0,0,0)\u00bb background_last_edited=\u00bbon|phone\u00bb background_enable_color_phone=\u00bbon\u00bb global_colors_info=\u00bb{}\u00bb][et_pb_column type=\u00bb1_2&#8243; _builder_version=\u00bb4.16&#8243; custom_padding=\u00bb|||\u00bb global_colors_info=\u00bb{}\u00bb custom_padding__hover=\u00bb|||\u00bb][et_pb_divider show_divider=\u00bboff\u00bb _builder_version=\u00bb4.17.6&#8243; height_tablet=\u00bb290px\u00bb height_phone=\u00bb170px\u00bb height_last_edited=\u00bbon|phone\u00bb global_colors_info=\u00bb{}\u00bb][\/et_pb_divider][\/et_pb_column][et_pb_column type=\u00bb1_2&#8243; specialty_columns=\u00bb2&#8243; _builder_version=\u00bb4.16&#8243; custom_padding=\u00bb|||\u00bb global_colors_info=\u00bb{}\u00bb custom_padding__hover=\u00bb|||\u00bb][et_pb_row_inner custom_padding_last_edited=\u00bbon|desktop\u00bb _builder_version=\u00bb4.16&#8243; background_color=\u00bb#f2ece1&#8243; transform_translate_linked=\u00bboff\u00bb width=\u00bb90%\u00bb width_tablet=\u00bb100%\u00bb width_phone=\u00bb\u00bb width_last_edited=\u00bbon|desktop\u00bb custom_margin=\u00bb|||10%|false|false\u00bb custom_margin_tablet=\u00bb|||0%|false|false\u00bb custom_margin_phone=\u00bb\u00bb custom_margin_last_edited=\u00bbon|desktop\u00bb custom_padding=\u00bb60px|60px|0px|60px|false|true\u00bb custom_padding_tablet=\u00bb\u00bb custom_padding_phone=\u00bb30px|||20px|false|false\u00bb global_colors_info=\u00bb{}\u00bb][et_pb_column_inner saved_specialty_column_type=\u00bb1_2&#8243; _builder_version=\u00bb4.16&#8243; global_colors_info=\u00bb{}\u00bb][et_pb_text _builder_version=\u00bb4.17.6&#8243; header_font=\u00bb||||||||\u00bb header_3_font=\u00bbAbril Fatface||||||||\u00bb header_3_font_size=\u00bb38px\u00bb header_3_line_height=\u00bb1.1em\u00bb header_4_font=\u00bb|700||on|||||\u00bb header_4_font_size=\u00bb13px\u00bb header_4_letter_spacing=\u00bb1px\u00bb header_4_line_height=\u00bb1.5em\u00bb max_width=\u00bb640px\u00bb custom_margin=\u00bb||11px||false|false\u00bb header_3_font_size_tablet=\u00bb28px\u00bb header_3_font_size_phone=\u00bb18px\u00bb header_3_font_size_last_edited=\u00bbon|phone\u00bb header_4_font_size_tablet=\u00bb16px\u00bb header_4_font_size_phone=\u00bb14px\u00bb header_4_font_size_last_edited=\u00bboff|desktop\u00bb locked=\u00bboff\u00bb global_colors_info=\u00bb{}\u00bb]<\/p>\n<h3>Bomarzo<\/h3>\n<p>[\/et_pb_text][et_pb_text _builder_version=\u00bb4.17.6&#8243; text_font=\u00bb||||||||\u00bb text_line_height=\u00bb2em\u00bb max_width=\u00bb640px\u00bb custom_margin=\u00bb||60px||false|false\u00bb text_line_height_tablet=\u00bb\u00bb text_line_height_phone=\u00bb1.6em\u00bb text_line_height_last_edited=\u00bbon|phone\u00bb locked=\u00bboff\u00bb global_colors_info=\u00bb{}\u00bb]El territorio del municipio de Bomarzo se caracteriza por la presencia de numerosos centros etruscos. El origen etrusco de la peque\u00f1a ciudad queda patente en numerosos hallazgos, como cer\u00e1micas, bronces y sarc\u00f3fagos descubiertos en la necr\u00f3polis de Pianmiano, que documentan un largo e intenso periodo de vida en la zona.<\/p>\n<p>Lo m\u00e1s probable es que el asentamiento m\u00e1s antiguo surgiera y se estableciera en torno al siglo VI a.C. con funciones de vigilancia y control de las rutas comerciales a lo largo del valle del T\u00edber. Mantuvo relaciones comerciales y culturales con la ciudad de Ferento (Acquarossa), pero tambi\u00e9n con los centros m\u00e1s interiores de Etruria, como Chiusi, Perugia y Velzna, la actual Orvieto.[\/et_pb_text][et_pb_button button_url=\u00bb@ET-DC@eyJkeW5hbWljIjp0cnVlLCJjb250ZW50IjoicG9zdF9saW5rX3VybF9wYWdlIiwic2V0dGluZ3MiOnsicG9zdF9pZCI6IjE2OCJ9fQ==@\u00bb button_text=\u00bbDescubre Bomarzo\u00bb button_alignment=\u00bbright\u00bb _builder_version=\u00bb4.17.6&#8243; _dynamic_attributes=\u00bbbutton_url\u00bb custom_button=\u00bbon\u00bb button_text_size=\u00bb14px\u00bb button_text_color=\u00bb#000000&#8243; button_bg_color=\u00bb#ffffff\u00bb button_border_width=\u00bb0px\u00bb button_border_radius=\u00bb0px\u00bb button_letter_spacing=\u00bb1px\u00bb button_font=\u00bb|700||on|||||\u00bb custom_margin=\u00bb|-60px|||false|false\u00bb custom_padding=\u00bb16px|28px|16px|28px|true|true\u00bb locked=\u00bboff\u00bb global_colors_info=\u00bb{}\u00bb][\/et_pb_button][\/et_pb_column_inner][\/et_pb_row_inner][\/et_pb_column][\/et_pb_section]<\/p>\n","protected":false},"excerpt":{"rendered":"<p>en el signo deVicinoPalacio OrsiniLas fases de construcci\u00f3n del Palacio Orsini est\u00e1n vinculadas a los acontecimientos del Bosque Sagrado subyacente de Pier Francesco, o Vicino Orsini nacido en Bomarzo el 4 de julio de 1523. Su padre Giovanni Corrado Orsini, ya viudo de Lucrezia Anguillara, se cas\u00f3 el 29 de abril de 1520 con Clarice [&hellip;]<\/p>\n","protected":false},"author":1,"featured_media":0,"parent":0,"menu_order":0,"comment_status":"closed","ping_status":"closed","template":"","meta":{"_et_pb_use_builder":"on","_et_pb_old_content":"","_et_gb_content_width":"","footnotes":""},"class_list":["post-1331","page","type-page","status-publish","hentry"],"jetpack_sharing_enabled":true,"_links":{"self":[{"href":"https:\/\/www.vicino500.it\/es\/wp-json\/wp\/v2\/pages\/1331","targetHints":{"allow":["GET"]}}],"collection":[{"href":"https:\/\/www.vicino500.it\/es\/wp-json\/wp\/v2\/pages"}],"about":[{"href":"https:\/\/www.vicino500.it\/es\/wp-json\/wp\/v2\/types\/page"}],"author":[{"embeddable":true,"href":"https:\/\/www.vicino500.it\/es\/wp-json\/wp\/v2\/users\/1"}],"replies":[{"embeddable":true,"href":"https:\/\/www.vicino500.it\/es\/wp-json\/wp\/v2\/comments?post=1331"}],"version-history":[{"count":3,"href":"https:\/\/www.vicino500.it\/es\/wp-json\/wp\/v2\/pages\/1331\/revisions"}],"predecessor-version":[{"id":1338,"href":"https:\/\/www.vicino500.it\/es\/wp-json\/wp\/v2\/pages\/1331\/revisions\/1338"}],"wp:attachment":[{"href":"https:\/\/www.vicino500.it\/es\/wp-json\/wp\/v2\/media?parent=1331"}],"curies":[{"name":"wp","href":"https:\/\/api.w.org\/{rel}","templated":true}]}}