{"id":1313,"date":"2022-08-03T14:30:48","date_gmt":"2022-08-03T12:30:48","guid":{"rendered":"https:\/\/www.vicino500.it\/cerca-de-500\/"},"modified":"2023-06-08T16:10:08","modified_gmt":"2023-06-08T14:10:08","slug":"cerca-de-500","status":"publish","type":"page","link":"https:\/\/www.vicino500.it\/es\/cerca-de-500\/","title":{"rendered":"Cerca de 500"},"content":{"rendered":"<p>[et_pb_section fb_built=\u00bb1&#8243; admin_label=\u00bbHeader\u00bb _builder_version=\u00bb4.17.6&#8243; use_background_color_gradient=\u00bbon\u00bb background_color_gradient_direction=\u00bb90deg\u00bb background_color_gradient_stops=\u00bb#e0d8c8 90%|#6c6e22 90%\u00bb background_color_gradient_start=\u00bb#e0d8c8&#8243; background_color_gradient_start_position=\u00bb90%\u00bb background_color_gradient_end=\u00bb#5d574e\u00bb background_color_gradient_end_position=\u00bb90%\u00bb background_image=\u00bbhttps:\/\/www.vicino500.it\/wp-content\/uploads\/2022\/08\/Moneta-Vicino-01-copia.png\u00bb background_size=\u00bbcustom\u00bb background_blend=\u00bbscreen\u00bb global_colors_info=\u00bb{}\u00bb][et_pb_row _builder_version=\u00bb4.16&#8243; global_colors_info=\u00bb{}\u00bb][et_pb_column type=\u00bb4_4&#8243; _builder_version=\u00bb4.16&#8243; global_colors_info=\u00bb{}\u00bb][et_pb_text _builder_version=\u00bb4.16&#8243; header_font=\u00bbAbril Fatface||||||||\u00bb header_font_size=\u00bb110px\u00bb header_line_height=\u00bb0.9em\u00bb header_2_font=\u00bbAbril Fatface||||||||\u00bb header_2_font_size=\u00bb56px\u00bb header_2_line_height=\u00bb1.1em\u00bb header_font_size_tablet=\u00bb54px\u00bb header_font_size_phone=\u00bb34px\u00bb header_font_size_last_edited=\u00bbon|phone\u00bb header_2_font_size_tablet=\u00bb36px\u00bb header_2_font_size_phone=\u00bb24px\u00bb header_2_font_size_last_edited=\u00bbon|phone\u00bb locked=\u00bboff\u00bb global_colors_info=\u00bb{}\u00bb]<\/p>\n<h1>en el signo deVicino<\/h1>\n<p>[\/et_pb_text][\/et_pb_column][\/et_pb_row][\/et_pb_section][et_pb_section fb_built=\u00bb1&#8243; admin_label=\u00bbAbout\u00bb _builder_version=\u00bb4.16&#8243; global_colors_info=\u00bb{}\u00bb][et_pb_row _builder_version=\u00bb4.16&#8243; custom_padding=\u00bb||0px|||\u00bb global_colors_info=\u00bb{}\u00bb][et_pb_column type=\u00bb4_4&#8243; _builder_version=\u00bb4.16&#8243; global_colors_info=\u00bb{}\u00bb][et_pb_video src=\u00bbhttps:\/\/www.vicino500.it\/wp-content\/uploads\/2022\/08\/Vicino-Orsini-2023-hd.mp4&#8243; _builder_version=\u00bb4.17.6&#8243; _module_preset=\u00bbdefault\u00bb global_colors_info=\u00bb{}\u00bb][\/et_pb_video][\/et_pb_column][\/et_pb_row][et_pb_row _builder_version=\u00bb4.16&#8243; custom_padding=\u00bb||0px|||\u00bb global_colors_info=\u00bb{}\u00bb][et_pb_column type=\u00bb4_4&#8243; _builder_version=\u00bb4.16&#8243; global_colors_info=\u00bb{}\u00bb][et_pb_text _builder_version=\u00bb4.16&#8243; text_font=\u00bb||||||||\u00bb text_line_height=\u00bb2em\u00bb header_font=\u00bb||||||||\u00bb header_2_font=\u00bbAbril Fatface||||||||\u00bb header_2_font_size=\u00bb56px\u00bb header_2_line_height=\u00bb1.1em\u00bb max_width=\u00bb800px\u00bb custom_margin=\u00bb26px|||||\u00bb text_line_height_tablet=\u00bb\u00bb text_line_height_phone=\u00bb1.6em\u00bb text_line_height_last_edited=\u00bbon|phone\u00bb header_2_font_size_tablet=\u00bb36px\u00bb header_2_font_size_phone=\u00bb24px\u00bb header_2_font_size_last_edited=\u00bbon|phone\u00bb locked=\u00bboff\u00bb global_colors_info=\u00bb{}\u00bb]<\/p>\n<h2>Cerca de Orsini<\/h2>\n<p>[\/et_pb_text][\/et_pb_column][\/et_pb_row][et_pb_row column_structure=\u00bb2_3,1_3&#8243; _builder_version=\u00bb4.16&#8243; global_colors_info=\u00bb{}\u00bb][et_pb_column type=\u00bb2_3&#8243; _builder_version=\u00bb4.16&#8243; global_colors_info=\u00bb{}\u00bb][et_pb_text _builder_version=\u00bb4.17.6&#8243; text_font=\u00bb||||||||\u00bb text_line_height=\u00bb2em\u00bb header_font=\u00bb||||||||\u00bb header_2_font=\u00bbAbril Fatface||||||||\u00bb header_2_font_size=\u00bb56px\u00bb header_2_line_height=\u00bb1.1em\u00bb max_width=\u00bb800px\u00bb text_line_height_tablet=\u00bb\u00bb text_line_height_phone=\u00bb1.6em\u00bb text_line_height_last_edited=\u00bbon|phone\u00bb header_2_font_size_tablet=\u00bb36px\u00bb header_2_font_size_phone=\u00bb24px\u00bb header_2_font_size_last_edited=\u00bbon|phone\u00bb locked=\u00bboff\u00bb global_colors_info=\u00bb{}\u00bb]<\/p>\n<p>Pier Francesco Orsini, llamado Vicino, naci\u00f3 el 4 de julio de 1523, hijo de Giovanni Corrado degli Orsini y Clarice Orsini. A la muerte de su padre, tras una controvertida divisi\u00f3n hereditaria, se convirti\u00f3 en duque de Bomarzo en 1542 y poco despu\u00e9s, para estrechar lazos con la familia Farnesio, se cas\u00f3 con Giulia di Galeazzo Farnese. Tras seguir una carrera militar con alternancia de destinos en Francia y Flandes durante unos 10 a\u00f1os, regres\u00f3 a Bomarzo en 1555.<\/p>\n<p>En 1560, tras la muerte de Giulia Farnese, se retir\u00f3, casi definitivamente, a Bomarzo, donde pudo dedicarse a la construcci\u00f3n del Sacro Bosque y a la finalizaci\u00f3n del Palacio Orsini, donde hosped\u00f3 a sus numerosos amigos. Aqu\u00ed pasaba d\u00edas tranquilos y, como cabeza de una familia de muchos hijos, se deleitaba con la caza, la lectura y el recreo en el \u00abPrelibato Boschetto\u00bb. El 28 de enero de 1585, Vicino Orsini muri\u00f3, entregando al mundo obras admirables y \u00fanicas creadas a trav\u00e9s de su extravagante imaginaci\u00f3n. <em><br \/>\n  <strong>\u00abS\u00f3lo para alegrar el coraz\u00f3n\u00bb.<\/strong><br \/>\n<\/em>.<\/p>\n<p>[\/et_pb_text][\/et_pb_column][et_pb_column type=\u00bb1_3&#8243; _builder_version=\u00bb4.16&#8243; background_enable_color=\u00bboff\u00bb global_colors_info=\u00bb{}\u00bb][et_pb_image src=\u00bbhttps:\/\/www.vicino500.it\/wp-content\/uploads\/2022\/08\/Moneta-Vicino-01-copia-2.png\u00bb title_text=\u00bbCoin-Vicino-01 copia 2&#8243; _builder_version=\u00bb4.17.6&#8243; _module_preset=\u00bbdefault\u00bb global_colors_info=\u00bb{}\u00bb][\/et_pb_image][\/et_pb_column][\/et_pb_row][\/et_pb_section][et_pb_section fb_built=\u00bb1&#8243; make_equal=\u00bbon\u00bb use_custom_gutter=\u00bbon\u00bb gutter_width=\u00bb1&#8243; specialty=\u00bbon\u00bb custom_padding_last_edited=\u00bbon|tablet\u00bb bg_img_1=\u00bbhttp:\/\/www.vicino500.it\/wp-content\/uploads\/2022\/08\/Bomarzo-9.jpg\u00bb admin_label=\u00bbClasses\u00bb _builder_version=\u00bb4.17.6&#8243; background_color=\u00bb#000000&#8243; inner_width=\u00bb100%\u00bb inner_width_tablet=\u00bb80%\u00bb inner_width_phone=\u00bb\u00bb inner_width_last_edited=\u00bbon|desktop\u00bb inner_max_width=\u00bbnone\u00bb inner_max_width_tablet=\u00bb1080px\u00bb inner_max_width_phone=\u00bb\u00bb inner_max_width_last_edited=\u00bbon|desktop\u00bb custom_padding=\u00bb0px||0px|||\u00bb custom_padding_tablet=\u00bb50px||||false|false\u00bb custom_padding_phone=\u00bb\u00bb background_color_phone=\u00bbrgba(0,0,0,0)\u00bb background_last_edited=\u00bbon|phone\u00bb background_enable_color_phone=\u00bbon\u00bb locked=\u00bboff\u00bb global_colors_info=\u00bb{}\u00bb][et_pb_column type=\u00bb1_2&#8243; _builder_version=\u00bb4.16&#8243; custom_padding=\u00bb|||\u00bb global_colors_info=\u00bb{}\u00bb custom_padding__hover=\u00bb|||\u00bb][et_pb_divider show_divider=\u00bboff\u00bb _builder_version=\u00bb4.16&#8243; height_tablet=\u00bb290px\u00bb height_phone=\u00bb170px\u00bb height_last_edited=\u00bbon|phone\u00bb global_colors_info=\u00bb{}\u00bb][\/et_pb_divider][\/et_pb_column][et_pb_column type=\u00bb1_2&#8243; specialty_columns=\u00bb2&#8243; _builder_version=\u00bb4.16&#8243; custom_padding=\u00bb|||\u00bb global_colors_info=\u00bb{}\u00bb custom_padding__hover=\u00bb|||\u00bb][et_pb_row_inner custom_padding_last_edited=\u00bbon|phone\u00bb _builder_version=\u00bb4.16&#8243; background_color=\u00bb#ffffff\u00bb custom_padding=\u00bb60px|10%|60px|10%|true|true\u00bb custom_padding_tablet=\u00bb\u00bb custom_padding_phone=\u00bb30px|20px|30px|20px|true|true\u00bb global_colors_info=\u00bb{}\u00bb][et_pb_column_inner saved_specialty_column_type=\u00bb1_2&#8243; _builder_version=\u00bb4.16&#8243; global_colors_info=\u00bb{}\u00bb][et_pb_text _builder_version=\u00bb4.17.6&#8243; text_font=\u00bb||||||||\u00bb text_font_size=\u00bb16px\u00bb text_line_height=\u00bb2em\u00bb header_2_font=\u00bbAbril Fatface||||||||\u00bb header_2_font_size=\u00bb56px\u00bb header_2_line_height=\u00bb1.1em\u00bb max_width=\u00bb640px\u00bb text_font_size_tablet=\u00bb\u00bb text_font_size_phone=\u00bb14px\u00bb text_font_size_last_edited=\u00bbon|desktop\u00bb text_line_height_tablet=\u00bb\u00bb text_line_height_phone=\u00bb1.6em\u00bb text_line_height_last_edited=\u00bbon|desktop\u00bb header_2_font_size_tablet=\u00bb36px\u00bb header_2_font_size_phone=\u00bb24px\u00bb header_2_font_size_last_edited=\u00bbon|phone\u00bb locked=\u00bboff\u00bb global_colors_info=\u00bb{}\u00bb]<\/p>\n<h2>En se\u00f1al de vecindad<\/h2>\n<p>El 4 de julio de 2023 se cumplen 500 a\u00f1os del nacimiento de Vicino Orsini, pr\u00edncipe de Bomarzo.<\/p>\n<p>  El Ayuntamiento de Bomarzo, con el fin de promover la programaci\u00f3n de eventos culturales con motivo del 500 aniversario del nacimiento de \u00abVicino Orsini\u00bb Se\u00f1or de Bomarzo, con la Determinaci\u00f3n N \u00ba 134 de 22 de marzo de 2022 ha publicado un anuncio p\u00fablico para la realizaci\u00f3n de un proyecto cultural, que se ejecutar\u00e1 en el per\u00edodo comprendido entre el 30\/06\/2022 y el 30\/07\/2023.<\/p>\n<p>ST Sinergie srl, empresa de marketing y comunicaci\u00f3n que desarrolla su actividad prestando apoyo t\u00e9cnico y profesional a entidades y empresas p\u00fablicas y privadas para proyectos culturales, promoci\u00f3n tur\u00edstica y proyectos educativos en las escuelas, fue adjudicataria de la citada convocatoria con el Proyecto \u00abNel segno di VICINO\u00bb &#8211; Manifestaciones culturales en torno a la figura del Se\u00f1or de Bomarzo 500 a\u00f1os despu\u00e9s de su nacimiento (Determinaci\u00f3n n\u00ba 178 de 28 de abril de 2022), con la intenci\u00f3n de contribuir significativamente al crecimiento del tejido socioecon\u00f3mico del territorio. Los objetivos estrat\u00e9gicos del proyecto presentado se dirigen a la valorizaci\u00f3n cultural de la poblaci\u00f3n con respecto al patrimonio hist\u00f3rico que Vicino Orsini cre\u00f3 en el territorio de Bomarzo (ejemplos significativos: el Palacio Orsini y el Bosque Sagrado) y a la promoci\u00f3n de la identidad hist\u00f3rica como motor de desarrollo tanto para el turismo como para las empresas locales.<\/p>\n<p>[\/et_pb_text][\/et_pb_column_inner][\/et_pb_row_inner][\/et_pb_column][\/et_pb_section][et_pb_section fb_built=\u00bb1&#8243; admin_label=\u00bbInformation\u00bb _builder_version=\u00bb4.16&#8243; global_colors_info=\u00bb{}\u00bb][et_pb_row _builder_version=\u00bb4.16&#8243; custom_padding=\u00bb||0px|||\u00bb global_colors_info=\u00bb{}\u00bb][et_pb_column type=\u00bb4_4&#8243; _builder_version=\u00bb4.16&#8243; global_colors_info=\u00bb{}\u00bb][et_pb_text _builder_version=\u00bb4.17.6&#8243; text_font=\u00bb||||||||\u00bb text_line_height=\u00bb2em\u00bb header_font=\u00bb||||||||\u00bb header_2_font=\u00bbAbril Fatface||||||||\u00bb header_2_font_size=\u00bb56px\u00bb header_2_line_height=\u00bb1.1em\u00bb max_width=\u00bb800px\u00bb min_height=\u00bb100.6px\u00bb text_line_height_tablet=\u00bb\u00bb text_line_height_phone=\u00bb1.6em\u00bb text_line_height_last_edited=\u00bbon|phone\u00bb header_2_font_size_tablet=\u00bb36px\u00bb header_2_font_size_phone=\u00bb24px\u00bb header_2_font_size_last_edited=\u00bbon|phone\u00bb locked=\u00bboff\u00bb global_colors_info=\u00bb{}\u00bb]<\/p>\n<h2>Un logotipo como puente del tiempo<\/h2>\n<p>[\/et_pb_text][\/et_pb_column][\/et_pb_row][et_pb_row column_structure=\u00bb1_2,1_2&#8243; _builder_version=\u00bb4.17.6&#8243; custom_padding=\u00bb0px|||||\u00bb global_colors_info=\u00bb{}\u00bb][et_pb_column type=\u00bb1_2&#8243; _builder_version=\u00bb4.16&#8243; global_colors_info=\u00bb{}\u00bb][et_pb_text _builder_version=\u00bb4.16&#8243; text_font=\u00bb||||||||\u00bb text_line_height=\u00bb2em\u00bb header_font=\u00bb||||||||\u00bb header_3_font=\u00bbAbril Fatface||||||||\u00bb header_3_font_size=\u00bb38px\u00bb header_3_line_height=\u00bb1.1em\u00bb max_width=\u00bb800px\u00bb text_line_height_tablet=\u00bb\u00bb text_line_height_phone=\u00bb1.6em\u00bb text_line_height_last_edited=\u00bbon|phone\u00bb header_3_font_size_tablet=\u00bb28px\u00bb header_3_font_size_phone=\u00bb18px\u00bb header_3_font_size_last_edited=\u00bbon|phone\u00bb locked=\u00bboff\u00bb global_colors_info=\u00bb{}\u00bb]<\/p>\n<p>Como exige el anuncio, el objetivo de este logotipo es la fusi\u00f3n de la figura de Vicino, en el 500 aniversario de su nacimiento, y el \u00abBosque Sagrado\u00bb, como al propio Orsini le gustaba llamarlo a menudo. La m\u00e1scara con el escudo de Orsini en la cabeza, representada tridimensionalmente de forma esf\u00e9rica, dio origen a la idea. La propia escultura se presta a ser partida en dos, aunque ingeniosamente conectada con la decoraci\u00f3n de la cabeza de la m\u00e1scara. La esfera de la cabeza se modific\u00f3: manteniendo la proporci\u00f3n y el di\u00e1metro del globo, s\u00f3lo se tom\u00f3 una de las cuatro rosas de la piedra original, luego se ampli\u00f3 y estiliz\u00f3. El edificio tambi\u00e9n sufri\u00f3 un cambio: se a\u00f1adieron las dos puertas de la fachada y se redujo a su forma b\u00e1sica inclinada hacia un v\u00e9rtice ideal para cerrar la figura.<\/p>\n<p>El logotipo se divide en dos partes: la superior representa gr\u00e1ficamente a Orsini y su Casa (castillo y rosa), el aniversario de los 500 a\u00f1os colocado a ambos lados de la flor y bien visible. En la parte inferior, el parque (la propia m\u00e1scara recuerda por vaga asociaci\u00f3n a un oso, tambi\u00e9n representado en el escudo familiar). El remate inferior enlaza la figura con el texto, alternando el colorido para equilibrar los tonos. Los colores hacen referencia al propio parque y a la toba, la piedra local con la que se construyeron el castillo y el pueblo.<\/p>\n<p>[\/et_pb_text][\/et_pb_column][et_pb_column type=\u00bb1_2&#8243; _builder_version=\u00bb4.16&#8243; global_colors_info=\u00bb{}\u00bb][et_pb_image src=\u00bbhttps:\/\/www.vicino500.it\/wp-content\/uploads\/2022\/08\/Logo-h500.png\u00bb title_text=\u00bbLogo-h500&#8243; _builder_version=\u00bb4.17.6&#8243; _module_preset=\u00bbdefault\u00bb global_colors_info=\u00bb{}\u00bb][\/et_pb_image][\/et_pb_column][\/et_pb_row][\/et_pb_section]<\/p>\n","protected":false},"excerpt":{"rendered":"<p>en el signo deVicinoCerca de OrsiniPier Francesco Orsini, llamado Vicino, naci\u00f3 el 4 de julio de 1523, hijo de Giovanni Corrado degli Orsini y Clarice Orsini. A la muerte de su padre, tras una controvertida divisi\u00f3n hereditaria, se convirti\u00f3 en duque de Bomarzo en 1542 y poco despu\u00e9s, para estrechar lazos con la familia Farnesio, [&hellip;]<\/p>\n","protected":false},"author":1,"featured_media":0,"parent":0,"menu_order":0,"comment_status":"closed","ping_status":"closed","template":"","meta":{"_et_pb_use_builder":"on","_et_pb_old_content":"","_et_gb_content_width":"","footnotes":""},"class_list":["post-1313","page","type-page","status-publish","hentry"],"jetpack_sharing_enabled":true,"_links":{"self":[{"href":"https:\/\/www.vicino500.it\/es\/wp-json\/wp\/v2\/pages\/1313","targetHints":{"allow":["GET"]}}],"collection":[{"href":"https:\/\/www.vicino500.it\/es\/wp-json\/wp\/v2\/pages"}],"about":[{"href":"https:\/\/www.vicino500.it\/es\/wp-json\/wp\/v2\/types\/page"}],"author":[{"embeddable":true,"href":"https:\/\/www.vicino500.it\/es\/wp-json\/wp\/v2\/users\/1"}],"replies":[{"embeddable":true,"href":"https:\/\/www.vicino500.it\/es\/wp-json\/wp\/v2\/comments?post=1313"}],"version-history":[{"count":3,"href":"https:\/\/www.vicino500.it\/es\/wp-json\/wp\/v2\/pages\/1313\/revisions"}],"predecessor-version":[{"id":1319,"href":"https:\/\/www.vicino500.it\/es\/wp-json\/wp\/v2\/pages\/1313\/revisions\/1319"}],"wp:attachment":[{"href":"https:\/\/www.vicino500.it\/es\/wp-json\/wp\/v2\/media?parent=1313"}],"curies":[{"name":"wp","href":"https:\/\/api.w.org\/{rel}","templated":true}]}}