{"id":1296,"date":"2022-08-03T16:15:00","date_gmt":"2022-08-03T14:15:00","guid":{"rendered":"https:\/\/www.vicino500.it\/territorio\/"},"modified":"2023-06-08T16:10:04","modified_gmt":"2023-06-08T14:10:04","slug":"territorio","status":"publish","type":"page","link":"https:\/\/www.vicino500.it\/es\/territorio\/","title":{"rendered":"Territorio"},"content":{"rendered":"<p>[et_pb_section fb_built=\u00bb1&#8243; admin_label=\u00bbHeader\u00bb _builder_version=\u00bb4.17.6&#8243; use_background_color_gradient=\u00bbon\u00bb background_color_gradient_direction=\u00bb90deg\u00bb background_color_gradient_stops=\u00bb#e0d8c8 90%|#6c6e22 90%\u00bb background_color_gradient_start=\u00bb#e0d8c8&#8243; background_color_gradient_start_position=\u00bb90%\u00bb background_color_gradient_end=\u00bb#5d574e\u00bb background_color_gradient_end_position=\u00bb90%\u00bb background_image=\u00bbhttps:\/\/www.vicino500.it\/wp-content\/uploads\/2022\/08\/Moneta-Vicino-01-copia.png\u00bb background_size=\u00bbcustom\u00bb background_blend=\u00bbscreen\u00bb global_colors_info=\u00bb{}\u00bb][et_pb_row _builder_version=\u00bb4.16&#8243; global_colors_info=\u00bb{}\u00bb][et_pb_column type=\u00bb4_4&#8243; _builder_version=\u00bb4.16&#8243; global_colors_info=\u00bb{}\u00bb][et_pb_text _builder_version=\u00bb4.16&#8243; header_font=\u00bbAbril Fatface||||||||\u00bb header_font_size=\u00bb110px\u00bb header_line_height=\u00bb0.9em\u00bb header_2_font=\u00bbAbril Fatface||||||||\u00bb header_2_font_size=\u00bb56px\u00bb header_2_line_height=\u00bb1.1em\u00bb header_font_size_tablet=\u00bb54px\u00bb header_font_size_phone=\u00bb34px\u00bb header_font_size_last_edited=\u00bbon|phone\u00bb header_2_font_size_tablet=\u00bb36px\u00bb header_2_font_size_phone=\u00bb24px\u00bb header_2_font_size_last_edited=\u00bbon|phone\u00bb locked=\u00bboff\u00bb global_colors_info=\u00bb{}\u00bb]<\/p>\n<h1>en el signo deVicino<\/h1>\n<p>[\/et_pb_text][\/et_pb_column][\/et_pb_row][\/et_pb_section][et_pb_section fb_built=\u00bb1&#8243; admin_label=\u00bbInformation\u00bb _builder_version=\u00bb4.16&#8243; global_colors_info=\u00bb{}\u00bb][et_pb_row column_structure=\u00bb1_2,1_2&#8243; _builder_version=\u00bb4.16&#8243; global_colors_info=\u00bb{}\u00bb][et_pb_column type=\u00bb1_2&#8243; _builder_version=\u00bb4.16&#8243; global_colors_info=\u00bb{}\u00bb][et_pb_image src=\u00bbhttps:\/\/www.vicino500.it\/wp-content\/uploads\/2022\/08\/Bomarzo-13.jpg\u00bb title_text=\u00bbBomarzo-13&#8243; _builder_version=\u00bb4.17.6&#8243; _module_preset=\u00bbdefault\u00bb global_colors_info=\u00bb{}\u00bb][\/et_pb_image][et_pb_text _builder_version=\u00bb4.17.6&#8243; text_font=\u00bb||||||||\u00bb text_line_height=\u00bb2em\u00bb header_font=\u00bb||||||||\u00bb header_3_font=\u00bbAbril Fatface||||||||\u00bb header_3_font_size=\u00bb38px\u00bb header_3_line_height=\u00bb1.1em\u00bb max_width=\u00bb800px\u00bb text_line_height_tablet=\u00bb\u00bb text_line_height_phone=\u00bb1.6em\u00bb text_line_height_last_edited=\u00bbon|phone\u00bb header_3_font_size_tablet=\u00bb28px\u00bb header_3_font_size_phone=\u00bb18px\u00bb header_3_font_size_last_edited=\u00bbon|phone\u00bb locked=\u00bboff\u00bb global_colors_info=\u00bb{}\u00bb]<\/p>\n<h3>Reserva de Monte Casoli<\/h3>\n<p>La Reserva Natural de Monte Casoli se cre\u00f3 en virtud de la Ley Regional del Lacio n\u00ba. 30 de 1999. El organismo gestor es la Provincia de Viterbo en colaboraci\u00f3n con el Ayuntamiento de Bomarzo. La Reserva, de 285 hect\u00e1reas y situada \u00edntegramente en el t\u00e9rmino municipal de Bomarzo, se cre\u00f3 para promover la conservaci\u00f3n y valorizaci\u00f3n del territorio y sus recursos naturales y culturales, as\u00ed como para proteger y recuperar los h\u00e1bitats naturales, incluidas las especies animales y vegetales.<\/p>\n<p>[\/et_pb_text][et_pb_button button_url=\u00bb@ET-DC@eyJkeW5hbWljIjp0cnVlLCJjb250ZW50IjoicG9zdF9saW5rX3VybF9wYWdlIiwic2V0dGluZ3MiOnsicG9zdF9pZCI6IjIxMCJ9fQ==@\u00bb button_text=\u00bbLa reserva de Monte Casoli\u00bb button_alignment=\u00bbleft\u00bb _builder_version=\u00bb4.17.6&#8243; _dynamic_attributes=\u00bbbutton_url\u00bb custom_button=\u00bbon\u00bb button_text_size=\u00bb14px\u00bb button_text_color=\u00bb#000000&#8243; button_bg_color=\u00bbrgba(224,205,166,0.23)\u00bb button_border_width=\u00bb0px\u00bb button_border_radius=\u00bb0px\u00bb button_letter_spacing=\u00bb1px\u00bb button_font=\u00bb|700||on|||||\u00bb custom_margin=\u00bb|-60px|||false|false\u00bb custom_padding=\u00bb16px|28px|16px|28px|true|true\u00bb locked=\u00bboff\u00bb global_colors_info=\u00bb{}\u00bb][\/et_pb_button][\/et_pb_column][et_pb_column type=\u00bb1_2&#8243; _builder_version=\u00bb4.16&#8243; global_colors_info=\u00bb{}\u00bb][et_pb_image src=\u00bbhttps:\/\/www.vicino500.it\/wp-content\/uploads\/2022\/08\/Mugnano-1.jpg\u00bb title_text=\u00bbMugnano 1&#8243; _builder_version=\u00bb4.17.6&#8243; _module_preset=\u00bbdefault\u00bb global_colors_info=\u00bb{}\u00bb][\/et_pb_image][et_pb_text _builder_version=\u00bb4.16&#8243; text_font=\u00bb||||||||\u00bb text_line_height=\u00bb2em\u00bb header_font=\u00bb||||||||\u00bb header_3_font=\u00bbAbril Fatface||||||||\u00bb header_3_font_size=\u00bb38px\u00bb header_3_line_height=\u00bb1.1em\u00bb max_width=\u00bb800px\u00bb text_line_height_tablet=\u00bb\u00bb text_line_height_phone=\u00bb1.6em\u00bb text_line_height_last_edited=\u00bbon|phone\u00bb header_3_font_size_tablet=\u00bb28px\u00bb header_3_font_size_phone=\u00bb18px\u00bb header_3_font_size_last_edited=\u00bbon|phone\u00bb locked=\u00bboff\u00bb global_colors_info=\u00bb{}\u00bb]<\/p>\n<h3>Mugnano in Teverina<\/h3>\n<p>A pocos kil\u00f3metros de Bomarzo se encuentra Mugnano in Teverina, una peque\u00f1a aldea situada en una elevaci\u00f3n cercana al T\u00edber y su valle a 133 m sobre el nivel del mar y habitada por casi 100 personas. Al igual que otros centros de la Teverina, el asentamiento etrusco original se desarroll\u00f3 en la meseta de un espol\u00f3n tob\u00e1ceo f\u00e1cilmente defendible, a\u00fan m\u00e1s protegido por un profundo foso que todav\u00eda divide la meseta en dos partes diferenciadas, la exterior de las cuales s\u00f3lo estuvo habitada en \u00e9poca moderna.<\/p>\n<p>[\/et_pb_text][et_pb_button button_url=\u00bb@ET-DC@eyJkeW5hbWljIjp0cnVlLCJjb250ZW50IjoicG9zdF9saW5rX3VybF9wYWdlIiwic2V0dGluZ3MiOnsicG9zdF9pZCI6IjIwMyJ9fQ==@\u00bb button_text=\u00bbMugnano in Teverina\u00bb button_alignment=\u00bbright\u00bb _builder_version=\u00bb4.17.6&#8243; _dynamic_attributes=\u00bbbutton_url\u00bb custom_button=\u00bbon\u00bb button_text_size=\u00bb14px\u00bb button_text_color=\u00bb#000000&#8243; button_bg_color=\u00bbrgba(224,205,166,0.23)\u00bb button_border_width=\u00bb0px\u00bb button_border_radius=\u00bb0px\u00bb button_letter_spacing=\u00bb1px\u00bb button_font=\u00bb|700||on|||||\u00bb custom_margin=\u00bb|-60px|||false|false\u00bb custom_padding=\u00bb16px|28px|16px|28px|true|true\u00bb hover_enabled=\u00bb0&#8243; locked=\u00bboff\u00bb global_colors_info=\u00bb{}\u00bb sticky_enabled=\u00bb0&#8243;][\/et_pb_button][\/et_pb_column][\/et_pb_row][\/et_pb_section][et_pb_section fb_built=\u00bb1&#8243; custom_padding_last_edited=\u00bbon|desktop\u00bb admin_label=\u00bbServices\u00bb _builder_version=\u00bb4.17.6&#8243; overflow-x=\u00bbhidden\u00bb overflow-y=\u00bbhidden\u00bb custom_margin=\u00bb0px||||false|false\u00bb custom_padding=\u00bb0px||150px||false|false\u00bb custom_padding_tablet=\u00bb||0px||false|false\u00bb custom_padding_phone=\u00bb\u00bb global_module=\u00bb284&#8243; saved_tabs=\u00bball\u00bb global_colors_info=\u00bb{}\u00bb][et_pb_row column_structure=\u00bb3_5,2_5&#8243; use_custom_gutter=\u00bbon\u00bb gutter_width=\u00bb1&#8243; _builder_version=\u00bb4.17.6&#8243; background_color=\u00bb#000000&#8243; custom_padding=\u00bb58px||0px||false|false\u00bb box_shadow_style=\u00bbpreset4&#8243; box_shadow_horizontal=\u00bb15vw\u00bb box_shadow_vertical=\u00bb0px\u00bb box_shadow_color=\u00bb#000000&#8243; box_shadow_color_tablet=\u00bbrgba(0,0,0,0)\u00bb box_shadow_color_phone=\u00bb\u00bb box_shadow_color_last_edited=\u00bbon|desktop\u00bb global_colors_info=\u00bb{}\u00bb][et_pb_column type=\u00bb3_5&#8243; _builder_version=\u00bb4.16&#8243; custom_padding=\u00bb|60px||60px|false|true\u00bb custom_padding_tablet=\u00bb\u00bb custom_padding_phone=\u00bb|20px||20px|false|true\u00bb custom_padding_last_edited=\u00bbon|desktop\u00bb global_colors_info=\u00bb{}\u00bb][et_pb_text _builder_version=\u00bb4.16&#8243; header_2_font=\u00bbAbril Fatface||||||||\u00bb header_2_font_size=\u00bb56px\u00bb header_2_line_height=\u00bb1.1em\u00bb background_layout=\u00bbdark\u00bb max_width=\u00bb800px\u00bb custom_margin=\u00bb||||false|false\u00bb header_2_font_size_tablet=\u00bb36px\u00bb header_2_font_size_phone=\u00bb24px\u00bb header_2_font_size_last_edited=\u00bbon|phone\u00bb locked=\u00bboff\u00bb global_colors_info=\u00bb{}\u00bb]<\/p>\n<h2>Bomarzo<\/h2>\n<p>[\/et_pb_text][et_pb_text _builder_version=\u00bb4.17.6&#8243; text_font=\u00bb||||||||\u00bb text_font_size=\u00bb16px\u00bb text_line_height=\u00bb2em\u00bb background_layout=\u00bbdark\u00bb max_width=\u00bb800px\u00bb custom_margin=\u00bb||40px||false|false\u00bb text_font_size_tablet=\u00bb\u00bb text_font_size_phone=\u00bb14px\u00bb text_font_size_last_edited=\u00bbon|desktop\u00bb text_line_height_tablet=\u00bb\u00bb text_line_height_phone=\u00bb1.6em\u00bb text_line_height_last_edited=\u00bbon|desktop\u00bb locked=\u00bboff\u00bb global_colors_info=\u00bb{}\u00bb]<\/p>\n<p>Desde los asentamientos etruscos, pasando por el esplendor de la Edad Media, hasta el esplendor del Renacimiento, Bomarzo es una tierra de antiguas sugestiones.<\/p>\n<p>[\/et_pb_text][et_pb_text _builder_version=\u00bb4.17.6&#8243; _dynamic_attributes=\u00bblink_option_url\u00bb text_font=\u00bb||||||||\u00bb text_line_height=\u00bb2em\u00bb header_3_font=\u00bb|700|||||||\u00bb header_3_line_height=\u00bb1.5em\u00bb background_color=\u00bbrgba(224,216,200,0.09)\u00bb background_layout=\u00bbdark\u00bb max_width=\u00bb800px\u00bb custom_margin=\u00bb|-60px||-60px|false|true\u00bb custom_margin_tablet=\u00bb\u00bb custom_margin_phone=\u00bb|-20px||-20px|false|true\u00bb custom_margin_last_edited=\u00bbon|desktop\u00bb custom_padding=\u00bb20px|60px|20px|60px|true|true\u00bb custom_padding_tablet=\u00bb\u00bb custom_padding_phone=\u00bb|20px||20px|true|true\u00bb custom_padding_last_edited=\u00bbon|phone\u00bb link_option_url=\u00bb@ET-DC@eyJkeW5hbWljIjp0cnVlLCJjb250ZW50IjoicG9zdF9saW5rX3VybF9wYWdlIiwic2V0dGluZ3MiOnsicG9zdF9pZCI6IjE4NyJ9fQ==@\u00bb text_line_height_tablet=\u00bb\u00bb text_line_height_phone=\u00bb1.6em\u00bb text_line_height_last_edited=\u00bbon|phone\u00bb header_3_font_size_tablet=\u00bb16px\u00bb header_3_font_size_phone=\u00bb14px\u00bb header_3_font_size_last_edited=\u00bbon|phone\u00bb box_shadow_style=\u00bbpreset4&#8243; box_shadow_horizontal=\u00bb0px\u00bb box_shadow_vertical=\u00bb0px\u00bb box_shadow_color=\u00bbrgba(0,0,0,0.2)\u00bb box_shadow_horizontal_last_edited=\u00bboff|desktop\u00bb locked=\u00bboff\u00bb global_colors_info=\u00bb{}\u00bb box_shadow_horizontal__hover_enabled=\u00bbon\u00bb box_shadow_horizontal__hover=\u00bb-20px\u00bb]<\/p>\n<h3>Palacio Orsini<\/h3>\n<p>Las fases de construcci\u00f3n del palacio Orsini est\u00e1n ligadas a las vicisitudes de la familia del mismo nombre. Su construcci\u00f3n fue iniciada por el pr\u00edncipe Giovanni Corrado Orsini.<\/p>\n<p>[\/et_pb_text][et_pb_text _builder_version=\u00bb4.17.6&#8243; _dynamic_attributes=\u00bblink_option_url\u00bb text_font=\u00bb||||||||\u00bb text_line_height=\u00bb2em\u00bb header_3_font=\u00bb|700|||||||\u00bb header_3_line_height=\u00bb1.5em\u00bb background_color=\u00bbrgba(224,216,200,0.15)\u00bb background_layout=\u00bbdark\u00bb max_width=\u00bb800px\u00bb custom_margin=\u00bb|-60px||-60px|false|true\u00bb custom_margin_tablet=\u00bb\u00bb custom_margin_phone=\u00bb|-20px||-20px|false|true\u00bb custom_margin_last_edited=\u00bbon|desktop\u00bb custom_padding=\u00bb20px|60px|20px|60px|true|true\u00bb custom_padding_tablet=\u00bb\u00bb custom_padding_phone=\u00bb|20px||20px|true|true\u00bb custom_padding_last_edited=\u00bbon|phone\u00bb link_option_url=\u00bb@ET-DC@eyJkeW5hbWljIjp0cnVlLCJjb250ZW50IjoicG9zdF9saW5rX3VybF9wYWdlIiwic2V0dGluZ3MiOnsicG9zdF9pZCI6IjIwMyJ9fQ==@\u00bb text_line_height_tablet=\u00bb\u00bb text_line_height_phone=\u00bb1.6em\u00bb text_line_height_last_edited=\u00bbon|phone\u00bb header_3_font_size_tablet=\u00bb16px\u00bb header_3_font_size_phone=\u00bb14px\u00bb header_3_font_size_last_edited=\u00bbon|phone\u00bb box_shadow_style=\u00bbpreset4&#8243; box_shadow_horizontal=\u00bb0px\u00bb box_shadow_vertical=\u00bb0px\u00bb box_shadow_horizontal_last_edited=\u00bboff|desktop\u00bb locked=\u00bboff\u00bb global_colors_info=\u00bb{}\u00bb box_shadow_horizontal__hover_enabled=\u00bbon\u00bb box_shadow_horizontal__hover=\u00bb-20px\u00bb]<\/p>\n<h3>Mugnano in Teverina<\/h3>\n<p>A pocos kil\u00f3metros de Bomarzo se encuentra Mugnano in Teverina, una peque\u00f1a aldea situada en un terreno elevado cerca del T\u00edber y su valle.<\/p>\n<p>[\/et_pb_text][et_pb_text _builder_version=\u00bb4.17.6&#8243; _dynamic_attributes=\u00bblink_option_url\u00bb text_font=\u00bb||||||||\u00bb text_line_height=\u00bb2em\u00bb header_3_font=\u00bb|700|||||||\u00bb header_3_line_height=\u00bb1.5em\u00bb background_color=\u00bbrgba(224,216,200,0.25)\u00bb background_layout=\u00bbdark\u00bb max_width=\u00bb800px\u00bb custom_margin=\u00bb|-60px||-60px|false|true\u00bb custom_margin_tablet=\u00bb\u00bb custom_margin_phone=\u00bb|-20px||-20px|false|true\u00bb custom_margin_last_edited=\u00bbon|desktop\u00bb custom_padding=\u00bb20px|60px|20px|60px|true|true\u00bb custom_padding_tablet=\u00bb\u00bb custom_padding_phone=\u00bb|20px||20px|true|true\u00bb custom_padding_last_edited=\u00bbon|phone\u00bb link_option_url=\u00bb@ET-DC@eyJkeW5hbWljIjp0cnVlLCJjb250ZW50IjoicG9zdF9saW5rX3VybF9wYWdlIiwic2V0dGluZ3MiOnsicG9zdF9pZCI6IjIxMCJ9fQ==@\u00bb text_line_height_tablet=\u00bb\u00bb text_line_height_phone=\u00bb1.6em\u00bb text_line_height_last_edited=\u00bbon|phone\u00bb header_3_font_size_tablet=\u00bb16px\u00bb header_3_font_size_phone=\u00bb14px\u00bb header_3_font_size_last_edited=\u00bbon|phone\u00bb box_shadow_style=\u00bbpreset4&#8243; box_shadow_horizontal=\u00bb0px\u00bb box_shadow_vertical=\u00bb0px\u00bb box_shadow_horizontal_last_edited=\u00bboff|desktop\u00bb locked=\u00bboff\u00bb global_colors_info=\u00bb{}\u00bb box_shadow_horizontal__hover=\u00bb-20px\u00bb box_shadow_horizontal__hover_enabled=\u00bbon\u00bb]<\/p>\n<h3>Reserva Natural de Monte Casoli<\/h3>\n<p>La Reserva del Monte Casoli di Bomarzo, creada en 1999 y conocida actualmente por su belleza natural y arqueol\u00f3gica.<\/p>\n<p>[\/et_pb_text][et_pb_text _builder_version=\u00bb4.17.6&#8243; _dynamic_attributes=\u00bblink_option_url\u00bb text_font=\u00bb||||||||\u00bb text_line_height=\u00bb2em\u00bb header_3_font=\u00bb|700|||||||\u00bb header_3_line_height=\u00bb1.5em\u00bb background_color=\u00bbrgba(224,216,200,0.35)\u00bb background_layout=\u00bbdark\u00bb max_width=\u00bb800px\u00bb custom_margin=\u00bb|-60px||-60px|false|true\u00bb custom_margin_tablet=\u00bb\u00bb custom_margin_phone=\u00bb|-20px||-20px|false|true\u00bb custom_margin_last_edited=\u00bbon|desktop\u00bb custom_padding=\u00bb20px|60px|35px|60px|false|true\u00bb custom_padding_tablet=\u00bb\u00bb custom_padding_phone=\u00bb|20px||20px|true|true\u00bb custom_padding_last_edited=\u00bbon|desktop\u00bb link_option_url=\u00bb@ET-DC@eyJkeW5hbWljIjp0cnVlLCJjb250ZW50IjoicG9zdF9saW5rX3VybF9wYWdlIiwic2V0dGluZ3MiOnsicG9zdF9pZCI6IjI1MCJ9fQ==@\u00bb text_line_height_tablet=\u00bb\u00bb text_line_height_phone=\u00bb1.6em\u00bb text_line_height_last_edited=\u00bbon|phone\u00bb header_3_font_size_tablet=\u00bb16px\u00bb header_3_font_size_phone=\u00bb14px\u00bb header_3_font_size_last_edited=\u00bbon|phone\u00bb box_shadow_style=\u00bbpreset4&#8243; box_shadow_horizontal=\u00bb0px\u00bb box_shadow_vertical=\u00bb0px\u00bb box_shadow_horizontal_last_edited=\u00bboff|desktop\u00bb locked=\u00bboff\u00bb global_colors_info=\u00bb{}\u00bb box_shadow_horizontal__hover=\u00bb-20px\u00bb box_shadow_horizontal__hover_enabled=\u00bbon\u00bb]<\/p>\n<h3>Tradiciones y productos<\/h3>\n<p>Una comunidad arraigada en las tradiciones y la promoci\u00f3n de productos de gran excelencia<\/p>\n<p>[\/et_pb_text][\/et_pb_column][et_pb_column type=\u00bb2_5&#8243; _builder_version=\u00bb4.16&#8243; global_colors_info=\u00bb{}\u00bb][et_pb_image src=\u00bbhttps:\/\/www.vicino500.it\/wp-content\/uploads\/2022\/08\/Bomarzo-8.jpg\u00bb title_text=\u00bbBomarzo-8&#8243; _builder_version=\u00bb4.17.6&#8243; max_width=\u00bb700px\u00bb custom_margin=\u00bb|-15vw|-310px||false|false\u00bb custom_margin_tablet=\u00bb|0vw|0px||false|false\u00bb custom_margin_phone=\u00bb\u00bb custom_margin_last_edited=\u00bbon|desktop\u00bb locked=\u00bboff\u00bb global_colors_info=\u00bb{}\u00bb][\/et_pb_image][\/et_pb_column][\/et_pb_row][\/et_pb_section][et_pb_section fb_built=\u00bb1&#8243; make_equal=\u00bbon\u00bb use_custom_gutter=\u00bbon\u00bb gutter_width=\u00bb1&#8243; specialty=\u00bbon\u00bb custom_padding_last_edited=\u00bbon|tablet\u00bb bg_img_1=\u00bbhttp:\/\/www.vicino500.it\/wp-content\/uploads\/2022\/08\/Bomarzo-11.jpg\u00bb admin_label=\u00bbEvents\u00bb _builder_version=\u00bb4.17.6&#8243; background_color=\u00bb#000000&#8243; inner_width=\u00bb100%\u00bb inner_width_tablet=\u00bb80%\u00bb inner_width_phone=\u00bb\u00bb inner_width_last_edited=\u00bbon|desktop\u00bb inner_max_width=\u00bbnone\u00bb inner_max_width_tablet=\u00bb1080px\u00bb inner_max_width_phone=\u00bb\u00bb inner_max_width_last_edited=\u00bbon|desktop\u00bb custom_padding=\u00bb0px||0px|||\u00bb custom_padding_tablet=\u00bb50px||||false|false\u00bb custom_padding_phone=\u00bb\u00bb background_color_phone=\u00bbrgba(0,0,0,0)\u00bb background_last_edited=\u00bbon|phone\u00bb background_enable_color_phone=\u00bbon\u00bb global_module=\u00bb285&#8243; global_colors_info=\u00bb{}\u00bb][et_pb_column type=\u00bb1_2&#8243; _builder_version=\u00bb4.16&#8243; custom_padding=\u00bb|||\u00bb global_colors_info=\u00bb{}\u00bb custom_padding__hover=\u00bb|||\u00bb][et_pb_divider show_divider=\u00bboff\u00bb _builder_version=\u00bb4.17.6&#8243; height_tablet=\u00bb290px\u00bb height_phone=\u00bb170px\u00bb height_last_edited=\u00bbon|phone\u00bb global_colors_info=\u00bb{}\u00bb][\/et_pb_divider][\/et_pb_column][et_pb_column type=\u00bb1_2&#8243; specialty_columns=\u00bb2&#8243; _builder_version=\u00bb4.16&#8243; custom_padding=\u00bb|||\u00bb global_colors_info=\u00bb{}\u00bb custom_padding__hover=\u00bb|||\u00bb][et_pb_row_inner custom_padding_last_edited=\u00bbon|phone\u00bb _builder_version=\u00bb4.16&#8243; background_color=\u00bb#ffffff\u00bb custom_padding=\u00bb60px|10%|60px|10%|true|true\u00bb custom_padding_tablet=\u00bb\u00bb custom_padding_phone=\u00bb30px|20px|30px|20px|true|true\u00bb global_colors_info=\u00bb{}\u00bb][et_pb_column_inner saved_specialty_column_type=\u00bb1_2&#8243; _builder_version=\u00bb4.16&#8243; global_colors_info=\u00bb{}\u00bb][et_pb_text _builder_version=\u00bb4.16&#8243; text_font=\u00bb||||||||\u00bb text_font_size=\u00bb16px\u00bb text_line_height=\u00bb2em\u00bb header_2_font=\u00bbAbril Fatface||||||||\u00bb header_2_font_size=\u00bb56px\u00bb header_2_line_height=\u00bb1.1em\u00bb max_width=\u00bb640px\u00bb text_font_size_tablet=\u00bb\u00bb text_font_size_phone=\u00bb14px\u00bb text_font_size_last_edited=\u00bbon|desktop\u00bb text_line_height_tablet=\u00bb\u00bb text_line_height_phone=\u00bb1.6em\u00bb text_line_height_last_edited=\u00bbon|desktop\u00bb header_2_font_size_tablet=\u00bb36px\u00bb header_2_font_size_phone=\u00bb24px\u00bb header_2_font_size_last_edited=\u00bbon|phone\u00bb locked=\u00bboff\u00bb global_colors_info=\u00bb{}\u00bb]<\/p>\n<h2>El bosque sagrado<\/h2>\n<p>Un conglomerado de gigantescas e inquietantes figuras de piedra, originalmente coloreadas, se disponen entre la vegetaci\u00f3n en las terrazas inclinadas de un encantador anfiteatro natural.<\/p>\n<p>[\/et_pb_text][\/et_pb_column_inner][\/et_pb_row_inner][et_pb_row_inner custom_padding_last_edited=\u00bbon|desktop\u00bb _builder_version=\u00bb4.16&#8243; background_color=\u00bb#f2ece1&#8243; transform_translate_linked=\u00bboff\u00bb width=\u00bb90%\u00bb width_tablet=\u00bb100%\u00bb width_phone=\u00bb\u00bb width_last_edited=\u00bbon|desktop\u00bb custom_margin=\u00bb|||10%|false|false\u00bb custom_margin_tablet=\u00bb|||0%|false|false\u00bb custom_margin_phone=\u00bb\u00bb custom_margin_last_edited=\u00bbon|desktop\u00bb custom_padding=\u00bb60px|60px|0px|60px|false|true\u00bb custom_padding_tablet=\u00bb\u00bb custom_padding_phone=\u00bb30px|||20px|false|false\u00bb global_colors_info=\u00bb{}\u00bb][et_pb_column_inner saved_specialty_column_type=\u00bb1_2&#8243; _builder_version=\u00bb4.16&#8243; global_colors_info=\u00bb{}\u00bb][et_pb_text _builder_version=\u00bb4.16&#8243; header_font=\u00bb||||||||\u00bb header_3_font=\u00bbAbril Fatface||||||||\u00bb header_3_font_size=\u00bb38px\u00bb header_3_line_height=\u00bb1.1em\u00bb header_4_font=\u00bb|700||on|||||\u00bb header_4_font_size=\u00bb13px\u00bb header_4_letter_spacing=\u00bb1px\u00bb header_4_line_height=\u00bb1.5em\u00bb max_width=\u00bb640px\u00bb custom_margin=\u00bb||40px||false|false\u00bb header_3_font_size_tablet=\u00bb28px\u00bb header_3_font_size_phone=\u00bb18px\u00bb header_3_font_size_last_edited=\u00bbon|phone\u00bb header_4_font_size_tablet=\u00bb16px\u00bb header_4_font_size_phone=\u00bb14px\u00bb header_4_font_size_last_edited=\u00bboff|desktop\u00bb locked=\u00bboff\u00bb global_colors_info=\u00bb{}\u00bb]<\/p>\n<h3>Monstruos con encanto antiguo  <\/h3>\n<p>[\/et_pb_text][et_pb_text _builder_version=\u00bb4.16&#8243; text_font=\u00bb||||||||\u00bb text_line_height=\u00bb2em\u00bb max_width=\u00bb640px\u00bb custom_margin=\u00bb||60px||false|false\u00bb text_line_height_tablet=\u00bb\u00bb text_line_height_phone=\u00bb1.6em\u00bb text_line_height_last_edited=\u00bbon|phone\u00bb locked=\u00bboff\u00bb global_colors_info=\u00bb{}\u00bb]<\/p>\n<p>El Bosque Sagrado, conocido por todos como el  <strong>Parque de monstruos<\/strong>  es una obra de arte \u00fanica, dise\u00f1ada y encargada por Vicino Orsini, un excelente erudito del estrecho c\u00edrculo de poetas y hombres de letras de Venecia y Roma, un h\u00e1bil condottiere, que pas\u00f3 all\u00ed sus a\u00f1os de madurez en compa\u00f1\u00eda de sus amigos m\u00e1s \u00edntimos. Seg\u00fan algunos, fruto del conflictivo estado de \u00e1nimo del creador, los \u00abmonstruos\u00bb son sin embargo explicativos de una cultura madurada dentro de ese gusto por lo horrendo, lo m\u00e1gico y lo esot\u00e9rico en boga en la Roma de la segunda mitad del siglo XVI.<\/p>\n<p><span style=\"font-size: 14px;\"> <\/span><\/p>\n<p>[\/et_pb_text][et_pb_button button_url=\u00bb@ET-DC@eyJkeW5hbWljIjp0cnVlLCJjb250ZW50IjoicG9zdF9saW5rX3VybF9wYWdlIiwic2V0dGluZ3MiOnsicG9zdF9pZCI6IjIzOSJ9fQ==@\u00bb button_text=\u00bbEl parque de los monstruos\u00bb button_alignment=\u00bbright\u00bb _builder_version=\u00bb4.17.6&#8243; _dynamic_attributes=\u00bbbutton_url\u00bb custom_button=\u00bbon\u00bb button_text_size=\u00bb14px\u00bb button_text_color=\u00bb#000000&#8243; button_bg_color=\u00bb#ffffff\u00bb button_border_width=\u00bb0px\u00bb button_border_radius=\u00bb0px\u00bb button_letter_spacing=\u00bb1px\u00bb button_font=\u00bb|700||on|||||\u00bb custom_margin=\u00bb|-60px|||false|false\u00bb custom_padding=\u00bb16px|28px|16px|28px|true|true\u00bb locked=\u00bboff\u00bb global_colors_info=\u00bb{}\u00bb][\/et_pb_button][\/et_pb_column_inner][\/et_pb_row_inner][\/et_pb_column][\/et_pb_section]<\/p>\n","protected":false},"excerpt":{"rendered":"<p>en el signo deVicinoReserva de Monte Casoli La Reserva Natural de Monte Casoli se cre\u00f3 en virtud de la Ley Regional del Lacio n\u00ba. 30 de 1999. El organismo gestor es la Provincia de Viterbo en colaboraci\u00f3n con el Ayuntamiento de Bomarzo. La Reserva, de 285 hect\u00e1reas y situada \u00edntegramente en el t\u00e9rmino municipal de [&hellip;]<\/p>\n","protected":false},"author":1,"featured_media":0,"parent":0,"menu_order":0,"comment_status":"closed","ping_status":"closed","template":"","meta":{"_et_pb_use_builder":"on","_et_pb_old_content":"","_et_gb_content_width":"","footnotes":""},"class_list":["post-1296","page","type-page","status-publish","hentry"],"jetpack_sharing_enabled":true,"_links":{"self":[{"href":"https:\/\/www.vicino500.it\/es\/wp-json\/wp\/v2\/pages\/1296","targetHints":{"allow":["GET"]}}],"collection":[{"href":"https:\/\/www.vicino500.it\/es\/wp-json\/wp\/v2\/pages"}],"about":[{"href":"https:\/\/www.vicino500.it\/es\/wp-json\/wp\/v2\/types\/page"}],"author":[{"embeddable":true,"href":"https:\/\/www.vicino500.it\/es\/wp-json\/wp\/v2\/users\/1"}],"replies":[{"embeddable":true,"href":"https:\/\/www.vicino500.it\/es\/wp-json\/wp\/v2\/comments?post=1296"}],"version-history":[{"count":3,"href":"https:\/\/www.vicino500.it\/es\/wp-json\/wp\/v2\/pages\/1296\/revisions"}],"predecessor-version":[{"id":1300,"href":"https:\/\/www.vicino500.it\/es\/wp-json\/wp\/v2\/pages\/1296\/revisions\/1300"}],"wp:attachment":[{"href":"https:\/\/www.vicino500.it\/es\/wp-json\/wp\/v2\/media?parent=1296"}],"curies":[{"name":"wp","href":"https:\/\/api.w.org\/{rel}","templated":true}]}}